{"id":12317,"date":"2024-06-21T13:57:00","date_gmt":"2024-06-21T10:57:00","guid":{"rendered":"https:\/\/raktava.lt\/?post_type=product&#038;p=12317"},"modified":"2024-09-11T15:21:23","modified_gmt":"2024-09-11T12:21:23","slug":"terksle-1-4-72-dantuku-150mm","status":"publish","type":"product","link":"https:\/\/raktava.lt\/en\/product\/rankiniai-irankiai\/terksles-rankenos-slankiojancios-jungtys\/terksles-galvutems\/terksle-1-4-72-dantuku-150mm\/","title":{"rendered":"Terk\u0161l\u0117 1\/4&#8243; 72 dantuk\u0173 150mm"},"content":{"rendered":"","protected":false},"excerpt":{"rendered":"<p>Terk\u0161l\u0117 1\/4&#8243; 72 dantuk\u0173 150mm<\/p>\n<p>Lizdas: 1\/4<br \/>\n72 dantuk\u0173<br \/>\nIlgis: 150mm<br \/>\nCr-V<\/p>\n","protected":false},"featured_media":12320,"comment_status":"open","ping_status":"closed","template":"","meta":[],"product_brand":[],"product_cat":[49],"product_tag":[98],"class_list":{"0":"post-12317","1":"product","2":"type-product","3":"status-publish","4":"has-post-thumbnail","6":"product_cat-terksles-galvutems","7":"product_tag-avtodelo","9":"first","10":"outofstock","11":"taxable","12":"shipping-taxable","13":"purchasable","14":"product-type-simple"},"_links":{"self":[{"href":"https:\/\/raktava.lt\/en\/wp-json\/wp\/v2\/product\/12317","targetHints":{"allow":["GET"]}}],"collection":[{"href":"https:\/\/raktava.lt\/en\/wp-json\/wp\/v2\/product"}],"about":[{"href":"https:\/\/raktava.lt\/en\/wp-json\/wp\/v2\/types\/product"}],"replies":[{"embeddable":true,"href":"https:\/\/raktava.lt\/en\/wp-json\/wp\/v2\/comments?post=12317"}],"version-history":[{"count":2,"href":"https:\/\/raktava.lt\/en\/wp-json\/wp\/v2\/product\/12317\/revisions"}],"predecessor-version":[{"id":12319,"href":"https:\/\/raktava.lt\/en\/wp-json\/wp\/v2\/product\/12317\/revisions\/12319"}],"wp:featuredmedia":[{"embeddable":true,"href":"https:\/\/raktava.lt\/en\/wp-json\/wp\/v2\/media\/12320"}],"wp:attachment":[{"href":"https:\/\/raktava.lt\/en\/wp-json\/wp\/v2\/media?parent=12317"}],"wp:term":[{"taxonomy":"product_brand","embeddable":true,"href":"https:\/\/raktava.lt\/en\/wp-json\/wp\/v2\/product_brand?post=12317"},{"taxonomy":"product_cat","embeddable":true,"href":"https:\/\/raktava.lt\/en\/wp-json\/wp\/v2\/product_cat?post=12317"},{"taxonomy":"product_tag","embeddable":true,"href":"https:\/\/raktava.lt\/en\/wp-json\/wp\/v2\/product_tag?post=12317"}],"curies":[{"name":"wp","href":"https:\/\/api.w.org\/{rel}","templated":true}]}}