{"id":12208,"date":"2024-06-19T15:39:47","date_gmt":"2024-06-19T12:39:47","guid":{"rendered":"https:\/\/raktava.lt\/?post_type=product&#038;p=12208"},"modified":"2024-09-23T15:23:40","modified_gmt":"2024-09-23T12:23:40","slug":"liniuote-metaline-100cm-1m-2","status":"publish","type":"product","link":"https:\/\/raktava.lt\/en\/product\/matavimo-priemones-slankmaciai-liniuotes\/liniuotes-matuokliai\/liniuote-metaline-100cm-1m-2\/","title":{"rendered":"Liniuot\u0117 metalin\u0117 100cm (1m)"},"content":{"rendered":"","protected":false},"excerpt":{"rendered":"<p>Liniuot\u0117 metalin\u0117 100cm (1m)<\/p>\n","protected":false},"featured_media":12209,"comment_status":"open","ping_status":"closed","template":"","meta":[],"product_brand":[],"product_cat":[80],"product_tag":[76],"class_list":{"0":"post-12208","1":"product","2":"type-product","3":"status-publish","4":"has-post-thumbnail","6":"product_cat-liniuotes-matuokliai","7":"product_tag-condor-werkzeug-vokietija","9":"first","10":"instock","11":"taxable","12":"shipping-taxable","13":"purchasable","14":"product-type-simple"},"_links":{"self":[{"href":"https:\/\/raktava.lt\/en\/wp-json\/wp\/v2\/product\/12208","targetHints":{"allow":["GET"]}}],"collection":[{"href":"https:\/\/raktava.lt\/en\/wp-json\/wp\/v2\/product"}],"about":[{"href":"https:\/\/raktava.lt\/en\/wp-json\/wp\/v2\/types\/product"}],"replies":[{"embeddable":true,"href":"https:\/\/raktava.lt\/en\/wp-json\/wp\/v2\/comments?post=12208"}],"version-history":[{"count":1,"href":"https:\/\/raktava.lt\/en\/wp-json\/wp\/v2\/product\/12208\/revisions"}],"predecessor-version":[{"id":12211,"href":"https:\/\/raktava.lt\/en\/wp-json\/wp\/v2\/product\/12208\/revisions\/12211"}],"wp:featuredmedia":[{"embeddable":true,"href":"https:\/\/raktava.lt\/en\/wp-json\/wp\/v2\/media\/12209"}],"wp:attachment":[{"href":"https:\/\/raktava.lt\/en\/wp-json\/wp\/v2\/media?parent=12208"}],"wp:term":[{"taxonomy":"product_brand","embeddable":true,"href":"https:\/\/raktava.lt\/en\/wp-json\/wp\/v2\/product_brand?post=12208"},{"taxonomy":"product_cat","embeddable":true,"href":"https:\/\/raktava.lt\/en\/wp-json\/wp\/v2\/product_cat?post=12208"},{"taxonomy":"product_tag","embeddable":true,"href":"https:\/\/raktava.lt\/en\/wp-json\/wp\/v2\/product_tag?post=12208"}],"curies":[{"name":"wp","href":"https:\/\/api.w.org\/{rel}","templated":true}]}}