{"id":12198,"date":"2024-06-19T14:50:23","date_gmt":"2024-06-19T11:50:23","guid":{"rendered":"https:\/\/raktava.lt\/?post_type=product&#038;p=12198"},"modified":"2025-04-24T10:50:37","modified_gmt":"2025-04-24T07:50:37","slug":"galvuciu-rinkinys-12-kampiu-1-4-4-14mm","status":"publish","type":"product","link":"https:\/\/raktava.lt\/en\/product\/rankiniai-irankiai\/galvutes-galvuciu-komplektai-laikikliai-galvutems\/1-4-galvutes-ir-ju-komplektai\/galvuciu-rinkinys-12-kampiu-1-4-4-14mm\/","title":{"rendered":"Galvu\u010di\u0173 rinkinys 12-kampi\u0173 1\/4 4-14mm"},"content":{"rendered":"","protected":false},"excerpt":{"rendered":"<p>Galvu\u010di\u0173 rinkinys 12-kampi\u0173 1\/4 4-14mm<\/p>\n","protected":false},"featured_media":12199,"comment_status":"open","ping_status":"closed","template":"","meta":[],"product_brand":[571],"product_cat":[135],"product_tag":[661,667],"class_list":{"0":"post-12198","1":"product","2":"type-product","3":"status-publish","4":"has-post-thumbnail","6":"product_brand-bgs-technic-germany","7":"product_cat-1-4-galvutes-ir-ju-komplektai","8":"product_tag-galvutes","9":"product_tag-galvutes-dvylikakampes","11":"first","12":"instock","13":"taxable","14":"shipping-taxable","15":"purchasable","16":"product-type-simple"},"_links":{"self":[{"href":"https:\/\/raktava.lt\/en\/wp-json\/wp\/v2\/product\/12198","targetHints":{"allow":["GET"]}}],"collection":[{"href":"https:\/\/raktava.lt\/en\/wp-json\/wp\/v2\/product"}],"about":[{"href":"https:\/\/raktava.lt\/en\/wp-json\/wp\/v2\/types\/product"}],"replies":[{"embeddable":true,"href":"https:\/\/raktava.lt\/en\/wp-json\/wp\/v2\/comments?post=12198"}],"version-history":[{"count":1,"href":"https:\/\/raktava.lt\/en\/wp-json\/wp\/v2\/product\/12198\/revisions"}],"predecessor-version":[{"id":12203,"href":"https:\/\/raktava.lt\/en\/wp-json\/wp\/v2\/product\/12198\/revisions\/12203"}],"wp:featuredmedia":[{"embeddable":true,"href":"https:\/\/raktava.lt\/en\/wp-json\/wp\/v2\/media\/12199"}],"wp:attachment":[{"href":"https:\/\/raktava.lt\/en\/wp-json\/wp\/v2\/media?parent=12198"}],"wp:term":[{"taxonomy":"product_brand","embeddable":true,"href":"https:\/\/raktava.lt\/en\/wp-json\/wp\/v2\/product_brand?post=12198"},{"taxonomy":"product_cat","embeddable":true,"href":"https:\/\/raktava.lt\/en\/wp-json\/wp\/v2\/product_cat?post=12198"},{"taxonomy":"product_tag","embeddable":true,"href":"https:\/\/raktava.lt\/en\/wp-json\/wp\/v2\/product_tag?post=12198"}],"curies":[{"name":"wp","href":"https:\/\/api.w.org\/{rel}","templated":true}]}}