{"id":12174,"date":"2024-06-19T12:10:34","date_gmt":"2024-06-19T09:10:34","guid":{"rendered":"https:\/\/raktava.lt\/?post_type=product&#038;p=12174"},"modified":"2025-09-11T12:42:28","modified_gmt":"2025-09-11T09:42:28","slug":"reples-soninio-kirpimo-180mm-2","status":"publish","type":"product","link":"https:\/\/raktava.lt\/en\/product\/rankiniai-irankiai\/reples-repliu-komplektai-zirkles-skardai-specializuotos-reples\/reples-universalios-soninio-kirpimo-ir-kt\/reples-soninio-kirpimo-180mm-2\/","title":{"rendered":"Repl\u0117s \u0161oninio kirpimo 180mm"},"content":{"rendered":"","protected":false},"excerpt":{"rendered":"<p>Repl\u0117s \u0161oninio kirpimo 180mm<\/p>\n","protected":false},"featured_media":12175,"comment_status":"open","ping_status":"closed","template":"","meta":[],"product_brand":[563],"product_cat":[185],"product_tag":[1210,973,623,1254],"class_list":{"0":"post-12174","1":"product","2":"type-product","3":"status-publish","4":"has-post-thumbnail","6":"product_brand-yato","7":"product_cat-reples-universalios-soninio-kirpimo-ir-kt","8":"product_tag-180mm","9":"product_tag-rankiniai-irankiai","10":"product_tag-reples","11":"product_tag-reples-soninio-kirpimo","13":"first","14":"instock","15":"taxable","16":"shipping-taxable","17":"purchasable","18":"product-type-simple"},"_links":{"self":[{"href":"https:\/\/raktava.lt\/en\/wp-json\/wp\/v2\/product\/12174","targetHints":{"allow":["GET"]}}],"collection":[{"href":"https:\/\/raktava.lt\/en\/wp-json\/wp\/v2\/product"}],"about":[{"href":"https:\/\/raktava.lt\/en\/wp-json\/wp\/v2\/types\/product"}],"replies":[{"embeddable":true,"href":"https:\/\/raktava.lt\/en\/wp-json\/wp\/v2\/comments?post=12174"}],"version-history":[{"count":2,"href":"https:\/\/raktava.lt\/en\/wp-json\/wp\/v2\/product\/12174\/revisions"}],"predecessor-version":[{"id":14902,"href":"https:\/\/raktava.lt\/en\/wp-json\/wp\/v2\/product\/12174\/revisions\/14902"}],"wp:featuredmedia":[{"embeddable":true,"href":"https:\/\/raktava.lt\/en\/wp-json\/wp\/v2\/media\/12175"}],"wp:attachment":[{"href":"https:\/\/raktava.lt\/en\/wp-json\/wp\/v2\/media?parent=12174"}],"wp:term":[{"taxonomy":"product_brand","embeddable":true,"href":"https:\/\/raktava.lt\/en\/wp-json\/wp\/v2\/product_brand?post=12174"},{"taxonomy":"product_cat","embeddable":true,"href":"https:\/\/raktava.lt\/en\/wp-json\/wp\/v2\/product_cat?post=12174"},{"taxonomy":"product_tag","embeddable":true,"href":"https:\/\/raktava.lt\/en\/wp-json\/wp\/v2\/product_tag?post=12174"}],"curies":[{"name":"wp","href":"https:\/\/api.w.org\/{rel}","templated":true}]}}