{"id":12163,"date":"2024-06-19T12:06:38","date_gmt":"2024-06-19T09:06:38","guid":{"rendered":"https:\/\/raktava.lt\/?post_type=product&#038;p=12163"},"modified":"2026-02-06T10:56:25","modified_gmt":"2026-02-06T08:56:25","slug":"reples-soninio-kirpimo-precizines-115mm","status":"publish","type":"product","link":"https:\/\/raktava.lt\/en\/product\/rankiniai-irankiai\/reples-repliu-komplektai-zirkles-skardai-specializuotos-reples\/reples-universalios-soninio-kirpimo-ir-kt\/reples-soninio-kirpimo-precizines-115mm\/","title":{"rendered":"Repl\u0117s \u0161oninio kirpimo, precizin\u0117s 115mm"},"content":{"rendered":"","protected":false},"excerpt":{"rendered":"<p>Repl\u0117s \u0161oninio kirpimo, precizin\u0117s 115mm<\/p>\n","protected":false},"featured_media":12164,"comment_status":"open","ping_status":"closed","template":"","meta":[],"product_brand":[],"product_cat":[185],"product_tag":[1460,2031,2030,1254],"class_list":{"0":"post-12163","1":"product","2":"type-product","3":"status-publish","4":"has-post-thumbnail","6":"product_cat-reples-universalios-soninio-kirpimo-ir-kt","7":"product_tag-115mm","8":"product_tag-2031","9":"product_tag-precizines-reples","10":"product_tag-reples-soninio-kirpimo","12":"first","13":"instock","14":"taxable","15":"shipping-taxable","16":"purchasable","17":"product-type-simple"},"_links":{"self":[{"href":"https:\/\/raktava.lt\/en\/wp-json\/wp\/v2\/product\/12163","targetHints":{"allow":["GET"]}}],"collection":[{"href":"https:\/\/raktava.lt\/en\/wp-json\/wp\/v2\/product"}],"about":[{"href":"https:\/\/raktava.lt\/en\/wp-json\/wp\/v2\/types\/product"}],"replies":[{"embeddable":true,"href":"https:\/\/raktava.lt\/en\/wp-json\/wp\/v2\/comments?post=12163"}],"version-history":[{"count":1,"href":"https:\/\/raktava.lt\/en\/wp-json\/wp\/v2\/product\/12163\/revisions"}],"predecessor-version":[{"id":12172,"href":"https:\/\/raktava.lt\/en\/wp-json\/wp\/v2\/product\/12163\/revisions\/12172"}],"wp:featuredmedia":[{"embeddable":true,"href":"https:\/\/raktava.lt\/en\/wp-json\/wp\/v2\/media\/12164"}],"wp:attachment":[{"href":"https:\/\/raktava.lt\/en\/wp-json\/wp\/v2\/media?parent=12163"}],"wp:term":[{"taxonomy":"product_brand","embeddable":true,"href":"https:\/\/raktava.lt\/en\/wp-json\/wp\/v2\/product_brand?post=12163"},{"taxonomy":"product_cat","embeddable":true,"href":"https:\/\/raktava.lt\/en\/wp-json\/wp\/v2\/product_cat?post=12163"},{"taxonomy":"product_tag","embeddable":true,"href":"https:\/\/raktava.lt\/en\/wp-json\/wp\/v2\/product_tag?post=12163"}],"curies":[{"name":"wp","href":"https:\/\/api.w.org\/{rel}","templated":true}]}}