{"id":12158,"date":"2024-06-19T12:02:06","date_gmt":"2024-06-19T09:02:06","guid":{"rendered":"https:\/\/raktava.lt\/?post_type=product&#038;p=12158"},"modified":"2025-05-21T12:23:23","modified_gmt":"2025-05-21T09:23:23","slug":"reples-soninio-kirpimo-180mm","status":"publish","type":"product","link":"https:\/\/raktava.lt\/en\/product\/rankiniai-irankiai\/reples-repliu-komplektai-zirkles-skardai-specializuotos-reples\/reples-universalios-soninio-kirpimo-ir-kt\/reples-soninio-kirpimo-180mm\/","title":{"rendered":"Repl\u0117s \u0161oninio kirpimo 180mm"},"content":{"rendered":"","protected":false},"excerpt":{"rendered":"<p>Repl\u0117s \u0161oninio kirpimo (pastiprintos)<\/p>\n<p>Ilgis: 180 mm<\/p>\n<p>Svoris: 260 g<\/p>\n","protected":false},"featured_media":12159,"comment_status":"open","ping_status":"closed","template":"","meta":[],"product_brand":[754],"product_cat":[185],"product_tag":[623],"class_list":{"0":"post-12158","1":"product","2":"type-product","3":"status-publish","4":"has-post-thumbnail","6":"product_brand-kraftmann","7":"product_cat-reples-universalios-soninio-kirpimo-ir-kt","8":"product_tag-reples","10":"first","11":"instock","12":"taxable","13":"shipping-taxable","14":"purchasable","15":"product-type-simple"},"_links":{"self":[{"href":"https:\/\/raktava.lt\/en\/wp-json\/wp\/v2\/product\/12158","targetHints":{"allow":["GET"]}}],"collection":[{"href":"https:\/\/raktava.lt\/en\/wp-json\/wp\/v2\/product"}],"about":[{"href":"https:\/\/raktava.lt\/en\/wp-json\/wp\/v2\/types\/product"}],"replies":[{"embeddable":true,"href":"https:\/\/raktava.lt\/en\/wp-json\/wp\/v2\/comments?post=12158"}],"version-history":[{"count":2,"href":"https:\/\/raktava.lt\/en\/wp-json\/wp\/v2\/product\/12158\/revisions"}],"predecessor-version":[{"id":12162,"href":"https:\/\/raktava.lt\/en\/wp-json\/wp\/v2\/product\/12158\/revisions\/12162"}],"wp:featuredmedia":[{"embeddable":true,"href":"https:\/\/raktava.lt\/en\/wp-json\/wp\/v2\/media\/12159"}],"wp:attachment":[{"href":"https:\/\/raktava.lt\/en\/wp-json\/wp\/v2\/media?parent=12158"}],"wp:term":[{"taxonomy":"product_brand","embeddable":true,"href":"https:\/\/raktava.lt\/en\/wp-json\/wp\/v2\/product_brand?post=12158"},{"taxonomy":"product_cat","embeddable":true,"href":"https:\/\/raktava.lt\/en\/wp-json\/wp\/v2\/product_cat?post=12158"},{"taxonomy":"product_tag","embeddable":true,"href":"https:\/\/raktava.lt\/en\/wp-json\/wp\/v2\/product_tag?post=12158"}],"curies":[{"name":"wp","href":"https:\/\/api.w.org\/{rel}","templated":true}]}}