{"id":12152,"date":"2024-06-19T11:54:01","date_gmt":"2024-06-19T08:54:01","guid":{"rendered":"https:\/\/raktava.lt\/?post_type=product&#038;p=12152"},"modified":"2025-03-19T16:00:48","modified_gmt":"2025-03-19T14:00:48","slug":"reples-zarnu-uzspaudimui-245mm","status":"publish","type":"product","link":"https:\/\/raktava.lt\/en\/product\/automobiliu-remonto-irankiai\/variklio-remonto-irankiai\/zarnu-uzspaudimo-irankiai\/reples-zarnu-uzspaudimui-245mm\/","title":{"rendered":"Repl\u0117s \u017earn\u0173 u\u017espaudimui 245mm"},"content":{"rendered":"","protected":false},"excerpt":{"rendered":"<p>Repl\u0117s \u017earn\u0173 u\u017espaudimui 245mm<\/p>\n","protected":false},"featured_media":12153,"comment_status":"open","ping_status":"closed","template":"","meta":[],"product_brand":[560],"product_cat":[108],"product_tag":[623],"class_list":{"0":"post-12152","1":"product","2":"type-product","3":"status-publish","4":"has-post-thumbnail","6":"product_brand-essen-tools-germany","7":"product_cat-zarnu-uzspaudimo-irankiai","8":"product_tag-reples","10":"first","11":"outofstock","12":"taxable","13":"shipping-taxable","14":"purchasable","15":"product-type-simple"},"_links":{"self":[{"href":"https:\/\/raktava.lt\/en\/wp-json\/wp\/v2\/product\/12152","targetHints":{"allow":["GET"]}}],"collection":[{"href":"https:\/\/raktava.lt\/en\/wp-json\/wp\/v2\/product"}],"about":[{"href":"https:\/\/raktava.lt\/en\/wp-json\/wp\/v2\/types\/product"}],"replies":[{"embeddable":true,"href":"https:\/\/raktava.lt\/en\/wp-json\/wp\/v2\/comments?post=12152"}],"version-history":[{"count":1,"href":"https:\/\/raktava.lt\/en\/wp-json\/wp\/v2\/product\/12152\/revisions"}],"predecessor-version":[{"id":12157,"href":"https:\/\/raktava.lt\/en\/wp-json\/wp\/v2\/product\/12152\/revisions\/12157"}],"wp:featuredmedia":[{"embeddable":true,"href":"https:\/\/raktava.lt\/en\/wp-json\/wp\/v2\/media\/12153"}],"wp:attachment":[{"href":"https:\/\/raktava.lt\/en\/wp-json\/wp\/v2\/media?parent=12152"}],"wp:term":[{"taxonomy":"product_brand","embeddable":true,"href":"https:\/\/raktava.lt\/en\/wp-json\/wp\/v2\/product_brand?post=12152"},{"taxonomy":"product_cat","embeddable":true,"href":"https:\/\/raktava.lt\/en\/wp-json\/wp\/v2\/product_cat?post=12152"},{"taxonomy":"product_tag","embeddable":true,"href":"https:\/\/raktava.lt\/en\/wp-json\/wp\/v2\/product_tag?post=12152"}],"curies":[{"name":"wp","href":"https:\/\/api.w.org\/{rel}","templated":true}]}}