{"id":12129,"date":"2024-06-19T11:24:59","date_gmt":"2024-06-19T08:24:59","guid":{"rendered":"https:\/\/raktava.lt\/?post_type=product&#038;p=12129"},"modified":"2025-03-13T14:42:44","modified_gmt":"2025-03-13T12:42:44","slug":"reples-fiksavimo-ziedams","status":"publish","type":"product","link":"https:\/\/raktava.lt\/en\/product\/rankiniai-irankiai\/reples-repliu-komplektai-zirkles-skardai-specializuotos-reples\/fiksuojamos-suspaudimo-reples\/reples-fiksavimo-ziedams\/","title":{"rendered":"Repl\u0117s fiksavimo \u017eiedams"},"content":{"rendered":"","protected":false},"excerpt":{"rendered":"<p>Repl\u0117s fiksavimo \u017eiedams spaud\u017eian\u010dios 150mm<\/p>\n","protected":false},"featured_media":12130,"comment_status":"open","ping_status":"closed","template":"","meta":[],"product_brand":[563],"product_cat":[186],"product_tag":[623],"class_list":{"0":"post-12129","1":"product","2":"type-product","3":"status-publish","4":"has-post-thumbnail","6":"product_brand-yato","7":"product_cat-fiksuojamos-suspaudimo-reples","8":"product_tag-reples","10":"first","11":"instock","12":"taxable","13":"shipping-taxable","14":"purchasable","15":"product-type-simple"},"_links":{"self":[{"href":"https:\/\/raktava.lt\/en\/wp-json\/wp\/v2\/product\/12129","targetHints":{"allow":["GET"]}}],"collection":[{"href":"https:\/\/raktava.lt\/en\/wp-json\/wp\/v2\/product"}],"about":[{"href":"https:\/\/raktava.lt\/en\/wp-json\/wp\/v2\/types\/product"}],"replies":[{"embeddable":true,"href":"https:\/\/raktava.lt\/en\/wp-json\/wp\/v2\/comments?post=12129"}],"version-history":[{"count":1,"href":"https:\/\/raktava.lt\/en\/wp-json\/wp\/v2\/product\/12129\/revisions"}],"predecessor-version":[{"id":12132,"href":"https:\/\/raktava.lt\/en\/wp-json\/wp\/v2\/product\/12129\/revisions\/12132"}],"wp:featuredmedia":[{"embeddable":true,"href":"https:\/\/raktava.lt\/en\/wp-json\/wp\/v2\/media\/12130"}],"wp:attachment":[{"href":"https:\/\/raktava.lt\/en\/wp-json\/wp\/v2\/media?parent=12129"}],"wp:term":[{"taxonomy":"product_brand","embeddable":true,"href":"https:\/\/raktava.lt\/en\/wp-json\/wp\/v2\/product_brand?post=12129"},{"taxonomy":"product_cat","embeddable":true,"href":"https:\/\/raktava.lt\/en\/wp-json\/wp\/v2\/product_cat?post=12129"},{"taxonomy":"product_tag","embeddable":true,"href":"https:\/\/raktava.lt\/en\/wp-json\/wp\/v2\/product_tag?post=12129"}],"curies":[{"name":"wp","href":"https:\/\/api.w.org\/{rel}","templated":true}]}}