{"id":12103,"date":"2024-06-18T16:01:53","date_gmt":"2024-06-18T13:01:53","guid":{"rendered":"https:\/\/raktava.lt\/?post_type=product&#038;p=12103"},"modified":"2026-04-15T12:31:01","modified_gmt":"2026-04-15T09:31:01","slug":"reples-universalios-200mm-2","status":"publish","type":"product","link":"https:\/\/raktava.lt\/en\/product\/rankiniai-irankiai\/reples-repliu-komplektai-zirkles-skardai-specializuotos-reples\/reples-universalios-soninio-kirpimo-ir-kt\/reples-universalios-200mm-2\/","title":{"rendered":"Repl\u0117s universalios 200mm"},"content":{"rendered":"<p><b>Techniniai duomenys:<\/b><\/p>\n<ul>\n<li>Pritaikymas: Universalus<\/li>\n<li>Ilgis: 200 mm<\/li>\n<li>Rankenos med\u017eiaga: Plastikas<\/li>\n<li>\u017dandikaulio apdaila: poliruota<\/li>\n<li>Gr\u016bdinta: Taip<\/li>\n<\/ul>\n<p>Kombinuotos repl\u0117s, amerikieti\u0161ko tipo, 200 mm<\/p>\n<p>A\u0161menys pritaikyti vielai ir vinims pjauti, \u017eandikauli\u0173 pavir\u0161ius yra dantytas, tod\u0117l galima saugiai laikyti plok\u0161\u010dius objektus ir ma\u017eesnius \u012frankius. Rankenos padengtos patogiais plastikiniais dangteliais.<\/p>\n<p><img decoding=\"async\" class=\"\" src=\"https:\/\/vigorus.lt\/catalog\/logo120627104939_vorel.jpg\" alt=\"VOREL\" width=\"76\" height=\"76\" \/><\/p>\n<hr \/>\n<p><em>Nurodytos kainos galioja perkant internetu.<\/em><\/p>\n","protected":false},"excerpt":{"rendered":"<p>Repl\u0117s universalios 200mm<\/p>\n","protected":false},"featured_media":12104,"comment_status":"open","ping_status":"closed","template":"","meta":[],"product_brand":[621],"product_cat":[185],"product_tag":[967,1958,623,1957],"class_list":{"0":"post-12103","1":"product","2":"type-product","3":"status-publish","4":"has-post-thumbnail","6":"product_brand-vorel","7":"product_cat-reples-universalios-soninio-kirpimo-ir-kt","8":"product_tag-200mm","9":"product_tag-1958","10":"product_tag-reples","11":"product_tag-reples-universalios","13":"first","14":"instock","15":"taxable","16":"shipping-taxable","17":"purchasable","18":"product-type-simple"},"_links":{"self":[{"href":"https:\/\/raktava.lt\/en\/wp-json\/wp\/v2\/product\/12103","targetHints":{"allow":["GET"]}}],"collection":[{"href":"https:\/\/raktava.lt\/en\/wp-json\/wp\/v2\/product"}],"about":[{"href":"https:\/\/raktava.lt\/en\/wp-json\/wp\/v2\/types\/product"}],"replies":[{"embeddable":true,"href":"https:\/\/raktava.lt\/en\/wp-json\/wp\/v2\/comments?post=12103"}],"version-history":[{"count":3,"href":"https:\/\/raktava.lt\/en\/wp-json\/wp\/v2\/product\/12103\/revisions"}],"predecessor-version":[{"id":19321,"href":"https:\/\/raktava.lt\/en\/wp-json\/wp\/v2\/product\/12103\/revisions\/19321"}],"wp:featuredmedia":[{"embeddable":true,"href":"https:\/\/raktava.lt\/en\/wp-json\/wp\/v2\/media\/12104"}],"wp:attachment":[{"href":"https:\/\/raktava.lt\/en\/wp-json\/wp\/v2\/media?parent=12103"}],"wp:term":[{"taxonomy":"product_brand","embeddable":true,"href":"https:\/\/raktava.lt\/en\/wp-json\/wp\/v2\/product_brand?post=12103"},{"taxonomy":"product_cat","embeddable":true,"href":"https:\/\/raktava.lt\/en\/wp-json\/wp\/v2\/product_cat?post=12103"},{"taxonomy":"product_tag","embeddable":true,"href":"https:\/\/raktava.lt\/en\/wp-json\/wp\/v2\/product_tag?post=12103"}],"curies":[{"name":"wp","href":"https:\/\/api.w.org\/{rel}","templated":true}]}}