{"id":12097,"date":"2024-06-18T15:29:49","date_gmt":"2024-06-18T12:29:49","guid":{"rendered":"https:\/\/raktava.lt\/?post_type=product&#038;p=12097"},"modified":"2026-03-12T11:38:50","modified_gmt":"2026-03-12T09:38:50","slug":"reples-stabdziu-cilindro-remontui-2","status":"publish","type":"product","link":"https:\/\/raktava.lt\/en\/product\/rankiniai-irankiai\/reples-repliu-komplektai-zirkles-skardai-specializuotos-reples\/specializuotos-reples\/reples-stabdziu-cilindro-remontui-2\/","title":{"rendered":"Repl\u0117s stabd\u017ei\u0173 cilindro remontui"},"content":{"rendered":"","protected":false},"excerpt":{"rendered":"<p>Repl\u0117s stabd\u017ei\u0173 cilindro remontui<\/p>\n<p>Lenktos 90\u00b0<br \/>\nIlgis 190 mm<\/p>\n","protected":false},"featured_media":12098,"comment_status":"open","ping_status":"closed","template":"","meta":[],"product_brand":[602],"product_cat":[183,64],"product_tag":[2110],"class_list":{"0":"post-12097","1":"product","2":"type-product","3":"status-publish","4":"has-post-thumbnail","6":"product_brand-ellien-tools","7":"product_cat-specializuotos-reples","8":"product_cat-stabdziu-remonto-irankiai","9":"product_tag-reples-stabdziu-cilindro-remontui","11":"first","12":"instock","13":"taxable","14":"shipping-taxable","15":"purchasable","16":"product-type-simple"},"_links":{"self":[{"href":"https:\/\/raktava.lt\/en\/wp-json\/wp\/v2\/product\/12097","targetHints":{"allow":["GET"]}}],"collection":[{"href":"https:\/\/raktava.lt\/en\/wp-json\/wp\/v2\/product"}],"about":[{"href":"https:\/\/raktava.lt\/en\/wp-json\/wp\/v2\/types\/product"}],"replies":[{"embeddable":true,"href":"https:\/\/raktava.lt\/en\/wp-json\/wp\/v2\/comments?post=12097"}],"version-history":[{"count":1,"href":"https:\/\/raktava.lt\/en\/wp-json\/wp\/v2\/product\/12097\/revisions"}],"predecessor-version":[{"id":12100,"href":"https:\/\/raktava.lt\/en\/wp-json\/wp\/v2\/product\/12097\/revisions\/12100"}],"wp:featuredmedia":[{"embeddable":true,"href":"https:\/\/raktava.lt\/en\/wp-json\/wp\/v2\/media\/12098"}],"wp:attachment":[{"href":"https:\/\/raktava.lt\/en\/wp-json\/wp\/v2\/media?parent=12097"}],"wp:term":[{"taxonomy":"product_brand","embeddable":true,"href":"https:\/\/raktava.lt\/en\/wp-json\/wp\/v2\/product_brand?post=12097"},{"taxonomy":"product_cat","embeddable":true,"href":"https:\/\/raktava.lt\/en\/wp-json\/wp\/v2\/product_cat?post=12097"},{"taxonomy":"product_tag","embeddable":true,"href":"https:\/\/raktava.lt\/en\/wp-json\/wp\/v2\/product_tag?post=12097"}],"curies":[{"name":"wp","href":"https:\/\/api.w.org\/{rel}","templated":true}]}}