{"id":12089,"date":"2024-06-18T15:23:47","date_gmt":"2024-06-18T12:23:47","guid":{"rendered":"https:\/\/raktava.lt\/?post_type=product&#038;p=12089"},"modified":"2025-04-08T20:36:10","modified_gmt":"2025-04-08T17:36:10","slug":"reples-suportu-ziedams-lenktos-90","status":"publish","type":"product","link":"https:\/\/raktava.lt\/en\/product\/rankiniai-irankiai\/reples-repliu-komplektai-zirkles-skardai-specializuotos-reples\/specializuotos-reples\/reples-suportu-ziedams-lenktos-90\/","title":{"rendered":"Repl\u0117s suport\u0173 \u017eiedams lenktos 90\u00b0"},"content":{"rendered":"","protected":false},"excerpt":{"rendered":"<p>Repl\u0117s suport\u0173 \u017eiedams lenktos 90\u00b0<\/p>\n","protected":false},"featured_media":12090,"comment_status":"open","ping_status":"closed","template":"","meta":[],"product_brand":[],"product_cat":[183,64],"product_tag":[190],"class_list":{"0":"post-12089","1":"product","2":"type-product","3":"status-publish","4":"has-post-thumbnail","6":"product_cat-specializuotos-reples","7":"product_cat-stabdziu-remonto-irankiai","8":"product_tag-kingrony","10":"first","11":"instock","12":"taxable","13":"shipping-taxable","14":"purchasable","15":"product-type-simple"},"_links":{"self":[{"href":"https:\/\/raktava.lt\/en\/wp-json\/wp\/v2\/product\/12089","targetHints":{"allow":["GET"]}}],"collection":[{"href":"https:\/\/raktava.lt\/en\/wp-json\/wp\/v2\/product"}],"about":[{"href":"https:\/\/raktava.lt\/en\/wp-json\/wp\/v2\/types\/product"}],"replies":[{"embeddable":true,"href":"https:\/\/raktava.lt\/en\/wp-json\/wp\/v2\/comments?post=12089"}],"version-history":[{"count":1,"href":"https:\/\/raktava.lt\/en\/wp-json\/wp\/v2\/product\/12089\/revisions"}],"predecessor-version":[{"id":12096,"href":"https:\/\/raktava.lt\/en\/wp-json\/wp\/v2\/product\/12089\/revisions\/12096"}],"wp:featuredmedia":[{"embeddable":true,"href":"https:\/\/raktava.lt\/en\/wp-json\/wp\/v2\/media\/12090"}],"wp:attachment":[{"href":"https:\/\/raktava.lt\/en\/wp-json\/wp\/v2\/media?parent=12089"}],"wp:term":[{"taxonomy":"product_brand","embeddable":true,"href":"https:\/\/raktava.lt\/en\/wp-json\/wp\/v2\/product_brand?post=12089"},{"taxonomy":"product_cat","embeddable":true,"href":"https:\/\/raktava.lt\/en\/wp-json\/wp\/v2\/product_cat?post=12089"},{"taxonomy":"product_tag","embeddable":true,"href":"https:\/\/raktava.lt\/en\/wp-json\/wp\/v2\/product_tag?post=12089"}],"curies":[{"name":"wp","href":"https:\/\/api.w.org\/{rel}","templated":true}]}}