{"id":12074,"date":"2024-06-18T15:15:48","date_gmt":"2024-06-18T12:15:48","guid":{"rendered":"https:\/\/raktava.lt\/?post_type=product&#038;p=12074"},"modified":"2026-04-09T15:27:44","modified_gmt":"2026-04-09T12:27:44","slug":"reples-pusasiu-gumu-savarzoms-3","status":"publish","type":"product","link":"https:\/\/raktava.lt\/en\/product\/rankiniai-irankiai\/reples-repliu-komplektai-zirkles-skardai-specializuotos-reples\/specializuotos-reples\/reples-pusasiu-gumu-savarzoms-3\/","title":{"rendered":"Repl\u0117s pusa\u0161i\u0173 gum\u0173 s\u0105var\u017eoms"},"content":{"rendered":"<pre class=\"tw-data-text tw-text-large tw-ta\" dir=\"ltr\" tabindex=\"-1\" role=\"text\" data-placeholder=\"Vertimas\" data-ved=\"2ahUKEwiZvPeL3-CTAxW3Q_EDHTilGmEQ3ewLegQIDBAV\" aria-label=\"I\u0161verstas tekstas: Su ausini\u0173 laikikliu, apsaugo nuo mov\u0173 tvirtinimo detali\u0173 atsilaisvinimo\r\nUniversalus naudojimas, tinka \u0160arnyrini\u0173 velen\u0173 apsaugin\u0117ms durel\u0117ms, degal\u0173 \u017earnoms VAG, Opel, BMW, Mercedes-Benz, Honda, Nissan, Mazda ir kt. automobiliuose\r\nSkirta darbui su Oetiker sistemos ausini\u0173 \u017earn\u0173 spaustukais\r\nTechniniai duomenys\r\nBendras svoris 370 g\r\nIlgis 235 mm\r\nPavir\u0161iaus apdaila Nikeliuota\r\nPakuot\u0117 tinkama kabinti ant sienos Taip\"><span class=\"Y2IQFc\" lang=\"lt\">Universalus naudojimas, tinka \u0160arnyrini\u0173 velen\u0173 apsaugin\u0117ms durel\u0117ms, degal\u0173 \u017earnoms VAG, Opel, BMW, Mercedes-Benz, Honda, Nissan, Mazda ir kt. automobiliuose\r\nSkirta darbui su Oetiker sistemos ausini\u0173 \u017earn\u0173 spaustukais\r\nTechniniai duomenys:\r\nBendras svoris 370 g\r\nIlgis 235 mm\r\nPavir\u0161iaus apdaila Nikeliuota\r\nPakuot\u0117 tinkama kabinti ant sienos Taip\r\n<img decoding=\"async\" src=\"https:\/\/vigorus.lt\/files\/piktogramos\/25.gif\" \/><\/span><\/pre>\n<hr \/>\n<p><em>Nurodytos kainos galioja perkant internetu.<\/em><\/p>\n<p>&nbsp;<\/p>\n<p>&nbsp;<\/p>\n","protected":false},"excerpt":{"rendered":"<p>Repl\u0117s pusa\u0161i\u0173 gum\u0173 s\u0105var\u017eoms<\/p>\n<p>&nbsp;<\/p>\n","protected":false},"featured_media":12075,"comment_status":"open","ping_status":"closed","template":"","meta":[],"product_brand":[571],"product_cat":[183],"product_tag":[2257,629,623,628],"class_list":{"0":"post-12074","1":"product","2":"type-product","3":"status-publish","4":"has-post-thumbnail","6":"product_brand-bgs-technic-germany","7":"product_cat-specializuotos-reples","8":"product_tag-2257","9":"product_tag-pusasiu-gumu-savarzoms","10":"product_tag-reples","11":"product_tag-reples-savarzoms","13":"first","14":"instock","15":"taxable","16":"shipping-taxable","17":"purchasable","18":"product-type-simple"},"_links":{"self":[{"href":"https:\/\/raktava.lt\/en\/wp-json\/wp\/v2\/product\/12074","targetHints":{"allow":["GET"]}}],"collection":[{"href":"https:\/\/raktava.lt\/en\/wp-json\/wp\/v2\/product"}],"about":[{"href":"https:\/\/raktava.lt\/en\/wp-json\/wp\/v2\/types\/product"}],"replies":[{"embeddable":true,"href":"https:\/\/raktava.lt\/en\/wp-json\/wp\/v2\/comments?post=12074"}],"version-history":[{"count":6,"href":"https:\/\/raktava.lt\/en\/wp-json\/wp\/v2\/product\/12074\/revisions"}],"predecessor-version":[{"id":19211,"href":"https:\/\/raktava.lt\/en\/wp-json\/wp\/v2\/product\/12074\/revisions\/19211"}],"wp:featuredmedia":[{"embeddable":true,"href":"https:\/\/raktava.lt\/en\/wp-json\/wp\/v2\/media\/12075"}],"wp:attachment":[{"href":"https:\/\/raktava.lt\/en\/wp-json\/wp\/v2\/media?parent=12074"}],"wp:term":[{"taxonomy":"product_brand","embeddable":true,"href":"https:\/\/raktava.lt\/en\/wp-json\/wp\/v2\/product_brand?post=12074"},{"taxonomy":"product_cat","embeddable":true,"href":"https:\/\/raktava.lt\/en\/wp-json\/wp\/v2\/product_cat?post=12074"},{"taxonomy":"product_tag","embeddable":true,"href":"https:\/\/raktava.lt\/en\/wp-json\/wp\/v2\/product_tag?post=12074"}],"curies":[{"name":"wp","href":"https:\/\/api.w.org\/{rel}","templated":true}]}}