{"id":12051,"date":"2024-06-18T13:55:57","date_gmt":"2024-06-18T10:55:57","guid":{"rendered":"https:\/\/raktava.lt\/?post_type=product&#038;p=12051"},"modified":"2024-11-28T15:27:16","modified_gmt":"2024-11-28T13:27:16","slug":"1-2-smuginiu-torx-antgaliu-komplektas","status":"publish","type":"product","link":"https:\/\/raktava.lt\/en\/product\/rankiniai-irankiai\/antgaliai-antgaliu-komplektai-ipresuoti-antgaliai\/1-2-smuginiai-antgaliai-ir-rinkiniai\/1-2-smuginiu-torx-antgaliu-komplektas\/","title":{"rendered":"1\/2 sm\u016bgini\u0173 TORX antgali\u0173 komplektas"},"content":{"rendered":"","protected":false},"excerpt":{"rendered":"<p>1\/2 sm\u016bgini\u0173 TORX antgali\u0173 komplektas<\/p>\n<p>Komplekte yra: T30, T40, T45, T50, T55, T60, T70, T90<br \/>\nL = 78 mm<br \/>\nMed\u017eiaga CR-MO<\/p>\n","protected":false},"featured_media":12052,"comment_status":"open","ping_status":"closed","template":"","meta":[],"product_brand":[],"product_cat":[56],"product_tag":[508],"class_list":{"0":"post-12051","1":"product","2":"type-product","3":"status-publish","4":"has-post-thumbnail","6":"product_cat-1-2-smuginiai-antgaliai-ir-rinkiniai","7":"product_tag-changlu","9":"first","10":"instock","11":"taxable","12":"shipping-taxable","13":"purchasable","14":"product-type-simple"},"_links":{"self":[{"href":"https:\/\/raktava.lt\/en\/wp-json\/wp\/v2\/product\/12051","targetHints":{"allow":["GET"]}}],"collection":[{"href":"https:\/\/raktava.lt\/en\/wp-json\/wp\/v2\/product"}],"about":[{"href":"https:\/\/raktava.lt\/en\/wp-json\/wp\/v2\/types\/product"}],"replies":[{"embeddable":true,"href":"https:\/\/raktava.lt\/en\/wp-json\/wp\/v2\/comments?post=12051"}],"version-history":[{"count":2,"href":"https:\/\/raktava.lt\/en\/wp-json\/wp\/v2\/product\/12051\/revisions"}],"predecessor-version":[{"id":12055,"href":"https:\/\/raktava.lt\/en\/wp-json\/wp\/v2\/product\/12051\/revisions\/12055"}],"wp:featuredmedia":[{"embeddable":true,"href":"https:\/\/raktava.lt\/en\/wp-json\/wp\/v2\/media\/12052"}],"wp:attachment":[{"href":"https:\/\/raktava.lt\/en\/wp-json\/wp\/v2\/media?parent=12051"}],"wp:term":[{"taxonomy":"product_brand","embeddable":true,"href":"https:\/\/raktava.lt\/en\/wp-json\/wp\/v2\/product_brand?post=12051"},{"taxonomy":"product_cat","embeddable":true,"href":"https:\/\/raktava.lt\/en\/wp-json\/wp\/v2\/product_cat?post=12051"},{"taxonomy":"product_tag","embeddable":true,"href":"https:\/\/raktava.lt\/en\/wp-json\/wp\/v2\/product_tag?post=12051"}],"curies":[{"name":"wp","href":"https:\/\/api.w.org\/{rel}","templated":true}]}}