{"id":12042,"date":"2024-06-18T11:19:24","date_gmt":"2024-06-18T08:19:24","guid":{"rendered":"https:\/\/raktava.lt\/?post_type=product&#038;p=12042"},"modified":"2024-09-23T15:28:27","modified_gmt":"2024-09-23T12:28:27","slug":"prozektorius-ant-galvos-t6led4xq5led-ikraunamas","status":"publish","type":"product","link":"https:\/\/raktava.lt\/en\/product\/rankiniai-irankiai\/prozektoriai-sviestuvai-lempos\/prozektorius-ant-galvos-t6led4xq5led-ikraunamas\/","title":{"rendered":"Pro\u017eektorius ant galvos T6LED+4xQ5LED, \u012fkraunamas"},"content":{"rendered":"<p><span style=\"vertical-align: inherit;\"><span style=\"vertical-align: inherit;\">Lempa: 1 x T6 LED + 4 x Q5 LED<\/span><\/span><\/p>\n<p><span style=\"vertical-align: inherit;\"><span style=\"vertical-align: inherit;\">Ap\u0161vietimo r\u0117\u017eimai: 4 (stiprus, silpnas, \u0161vytintis, SOS)<\/span><\/span><\/p>\n<p><span style=\"vertical-align: inherit;\"><span style=\"vertical-align: inherit;\">Priartinimas: 1 x 2000<\/span><\/span><\/p>\n<p><span style=\"vertical-align: inherit;\"><span style=\"vertical-align: inherit;\">Baterijos: 2 x 18650<\/span><\/span><\/p>\n<p><span style=\"vertical-align: inherit;\"><span style=\"vertical-align: inherit;\">Atsparumas Vandeniui: IPX45<\/span><\/span><\/p>\n<p><span style=\"vertical-align: inherit;\"><span style=\"vertical-align: inherit;\">Med\u017eiaga: aliuminis + ABS<\/span><\/span><\/p>\n<p><span style=\"vertical-align: inherit;\"><span style=\"vertical-align: inherit;\">Komplekte: pro\u017e\u0117ktorius, 2xbaterijos (pakraunamos), pakrov\u0117jas<\/span><\/span><\/p>\n","protected":false},"excerpt":{"rendered":"<p><span style=\"vertical-align: inherit;\"><span style=\"vertical-align: inherit;\">Pro\u017eektorius ant galvos T6LED+4xQ5LED, \u012fkraunamas<\/span><\/span><\/p>\n","protected":false},"featured_media":12043,"comment_status":"open","ping_status":"closed","template":"","meta":[],"product_brand":[],"product_cat":[157],"product_tag":[523],"class_list":{"0":"post-12042","1":"product","2":"type-product","3":"status-publish","4":"has-post-thumbnail","6":"product_cat-prozektoriai-sviestuvai-lempos","7":"product_tag-kraftdele","9":"first","10":"instock","11":"taxable","12":"shipping-taxable","13":"purchasable","14":"product-type-simple"},"_links":{"self":[{"href":"https:\/\/raktava.lt\/en\/wp-json\/wp\/v2\/product\/12042","targetHints":{"allow":["GET"]}}],"collection":[{"href":"https:\/\/raktava.lt\/en\/wp-json\/wp\/v2\/product"}],"about":[{"href":"https:\/\/raktava.lt\/en\/wp-json\/wp\/v2\/types\/product"}],"replies":[{"embeddable":true,"href":"https:\/\/raktava.lt\/en\/wp-json\/wp\/v2\/comments?post=12042"}],"version-history":[{"count":2,"href":"https:\/\/raktava.lt\/en\/wp-json\/wp\/v2\/product\/12042\/revisions"}],"predecessor-version":[{"id":12050,"href":"https:\/\/raktava.lt\/en\/wp-json\/wp\/v2\/product\/12042\/revisions\/12050"}],"wp:featuredmedia":[{"embeddable":true,"href":"https:\/\/raktava.lt\/en\/wp-json\/wp\/v2\/media\/12043"}],"wp:attachment":[{"href":"https:\/\/raktava.lt\/en\/wp-json\/wp\/v2\/media?parent=12042"}],"wp:term":[{"taxonomy":"product_brand","embeddable":true,"href":"https:\/\/raktava.lt\/en\/wp-json\/wp\/v2\/product_brand?post=12042"},{"taxonomy":"product_cat","embeddable":true,"href":"https:\/\/raktava.lt\/en\/wp-json\/wp\/v2\/product_cat?post=12042"},{"taxonomy":"product_tag","embeddable":true,"href":"https:\/\/raktava.lt\/en\/wp-json\/wp\/v2\/product_tag?post=12042"}],"curies":[{"name":"wp","href":"https:\/\/api.w.org\/{rel}","templated":true}]}}