{"id":12000,"date":"2024-06-18T10:32:03","date_gmt":"2024-06-18T07:32:03","guid":{"rendered":"https:\/\/raktava.lt\/?post_type=product&#038;p=12000"},"modified":"2026-04-14T09:09:26","modified_gmt":"2026-04-14T06:09:26","slug":"tepalo-slegio-matuoklis-0-500-psi-0-35-bar","status":"publish","type":"product","link":"https:\/\/raktava.lt\/en\/product\/automobiliu-remonto-irankiai\/diagnostika-testeriai-matuokliai\/tepalo-slegio-matuoklis-0-500-psi-0-35-bar\/","title":{"rendered":"Tepalo sl\u0117gio matuoklis 0-500 PSI\/ 0-35 BAR"},"content":{"rendered":"<ul>\n<li>YT-73030<\/li>\n<li>EAN 5906083730306<\/li>\n<li>Maksimalus sl\u0117gis [bar] 35<\/li>\n<li>Ilgis [mm] 1850 m<\/li>\n<li>Pakavimas &#8211; Lagaminas<\/li>\n<li>element\u0173 [vnt.] 12<\/li>\n<\/ul>\n<p>Prek\u0117s apra\u0161ymas<\/p>\n<p>Profesionalus alyvos sl\u0117gio matuoklis. \u012eeina \u012f 12 reduktori\u0173 rinkin\u012f, leid\u017eiant\u012f skaitikl\u012f naudoti daugelyje varikli\u0173. Skaitiklis apr\u016bpintas specialiu guminiu dangteliu, jis padidintas iki 35 Bar. Komplekte yra eleganti\u0161kas lagaminas.<\/p>\n<p>Techniniai duomenys<\/p>\n<ul>\n<li>Indekso numeris YT-73030<\/li>\n<li>EAN 5906083730306<\/li>\n<li>Gamintojas Yato<\/li>\n<li>vienetas KPL<\/li>\n<li>Bendras svoris (kg) 1,4500<\/li>\n<li>Master Carton MC 10<\/li>\n<li>Did\u017eiausias sl\u0117gis [bar] 35<\/li>\n<li>Ilgis [mm] 1850<\/li>\n<li>Med\u017eiaga aliuminis, guma, \u017ealvaris, plastikas<\/li>\n<li>pakuot\u0117 BMC<\/li>\n<li>Element\u0173 skai\u010dius 12<\/li>\n<\/ul>\n<p><img decoding=\"async\" src=\"https:\/\/vigorus.lt\/catalog\/logo120627105013_yato.jpg\" alt=\"YATO\" \/><\/p>\n<hr \/>\n<p><em>Nurodytos kainos galioja perkant internetu.<\/em><\/p>\n","protected":false},"excerpt":{"rendered":"<p>Tepalo sl\u0117gio matuoklis, su adapteriais 0-500 PSI\/ 0-35 BAR<\/p>\n<p>Maksimalus sl\u0117gis [bar] 35<br \/>\nIlgis [mm] 1850<br \/>\nPakavimas &#8211; Lagaminas<br \/>\nelement\u0173 [vnt.] 12<\/p>\n","protected":false},"featured_media":12001,"comment_status":"open","ping_status":"closed","template":"","meta":[],"product_brand":[563],"product_cat":[68],"product_tag":[901,2270],"class_list":{"0":"post-12000","1":"product","2":"type-product","3":"status-publish","4":"has-post-thumbnail","6":"product_brand-yato","7":"product_cat-diagnostika-testeriai-matuokliai","8":"product_tag-tepalo-slegio-matuoklis","9":"product_tag-yt-73030","11":"first","12":"outofstock","13":"taxable","14":"shipping-taxable","15":"purchasable","16":"product-type-simple"},"_links":{"self":[{"href":"https:\/\/raktava.lt\/en\/wp-json\/wp\/v2\/product\/12000","targetHints":{"allow":["GET"]}}],"collection":[{"href":"https:\/\/raktava.lt\/en\/wp-json\/wp\/v2\/product"}],"about":[{"href":"https:\/\/raktava.lt\/en\/wp-json\/wp\/v2\/types\/product"}],"replies":[{"embeddable":true,"href":"https:\/\/raktava.lt\/en\/wp-json\/wp\/v2\/comments?post=12000"}],"version-history":[{"count":4,"href":"https:\/\/raktava.lt\/en\/wp-json\/wp\/v2\/product\/12000\/revisions"}],"predecessor-version":[{"id":19251,"href":"https:\/\/raktava.lt\/en\/wp-json\/wp\/v2\/product\/12000\/revisions\/19251"}],"wp:featuredmedia":[{"embeddable":true,"href":"https:\/\/raktava.lt\/en\/wp-json\/wp\/v2\/media\/12001"}],"wp:attachment":[{"href":"https:\/\/raktava.lt\/en\/wp-json\/wp\/v2\/media?parent=12000"}],"wp:term":[{"taxonomy":"product_brand","embeddable":true,"href":"https:\/\/raktava.lt\/en\/wp-json\/wp\/v2\/product_brand?post=12000"},{"taxonomy":"product_cat","embeddable":true,"href":"https:\/\/raktava.lt\/en\/wp-json\/wp\/v2\/product_cat?post=12000"},{"taxonomy":"product_tag","embeddable":true,"href":"https:\/\/raktava.lt\/en\/wp-json\/wp\/v2\/product_tag?post=12000"}],"curies":[{"name":"wp","href":"https:\/\/api.w.org\/{rel}","templated":true}]}}