{"id":11946,"date":"2024-06-17T11:38:02","date_gmt":"2024-06-17T08:38:02","guid":{"rendered":"https:\/\/raktava.lt\/?post_type=product&#038;p=11946"},"modified":"2024-09-23T15:32:08","modified_gmt":"2024-09-23T12:32:08","slug":"lekstute-tepalo-filtrui-6-kampu-o-66mm-fiat-renault","status":"publish","type":"product","link":"https:\/\/raktava.lt\/en\/product\/automobiliu-remonto-irankiai\/variklio-remonto-irankiai\/irankiai-tepalo-filtrui\/lekstute-tepalo-filtrui-6-kampu-o-66mm-fiat-renault\/","title":{"rendered":"L\u0117k\u0161tut\u0117 tepalo filtrui 6-kamp\u0173, \u00d8 66mm, Fiat, Renault"},"content":{"rendered":"","protected":false},"excerpt":{"rendered":"<p>L\u0117k\u0161tut\u0117 tepalo filtrui:<\/p>\n<p>suitable for Fiat Punto 1.2, Renault Clio 1.2, Rapid and Twingo<br \/>\nTechnical data<br \/>\nSurface finish Lacquered<br \/>\nPaint Black<br \/>\nDrive profile size, inch 3\/8 &#8221;<br \/>\nDrive profile size, metric 10 mm<br \/>\nGross weight 138 g<br \/>\nOutput profile Groove profile<br \/>\nDrive profile Internal square<br \/>\nDiameter 66 mm<\/p>\n","protected":false},"featured_media":11947,"comment_status":"open","ping_status":"closed","template":"","meta":[],"product_brand":[],"product_cat":[85],"product_tag":[150],"class_list":{"0":"post-11946","1":"product","2":"type-product","3":"status-publish","4":"has-post-thumbnail","6":"product_cat-irankiai-tepalo-filtrui","7":"product_tag-bgs-vokietija","9":"first","10":"instock","11":"taxable","12":"shipping-taxable","13":"purchasable","14":"product-type-simple"},"_links":{"self":[{"href":"https:\/\/raktava.lt\/en\/wp-json\/wp\/v2\/product\/11946","targetHints":{"allow":["GET"]}}],"collection":[{"href":"https:\/\/raktava.lt\/en\/wp-json\/wp\/v2\/product"}],"about":[{"href":"https:\/\/raktava.lt\/en\/wp-json\/wp\/v2\/types\/product"}],"replies":[{"embeddable":true,"href":"https:\/\/raktava.lt\/en\/wp-json\/wp\/v2\/comments?post=11946"}],"version-history":[{"count":1,"href":"https:\/\/raktava.lt\/en\/wp-json\/wp\/v2\/product\/11946\/revisions"}],"predecessor-version":[{"id":11953,"href":"https:\/\/raktava.lt\/en\/wp-json\/wp\/v2\/product\/11946\/revisions\/11953"}],"wp:featuredmedia":[{"embeddable":true,"href":"https:\/\/raktava.lt\/en\/wp-json\/wp\/v2\/media\/11947"}],"wp:attachment":[{"href":"https:\/\/raktava.lt\/en\/wp-json\/wp\/v2\/media?parent=11946"}],"wp:term":[{"taxonomy":"product_brand","embeddable":true,"href":"https:\/\/raktava.lt\/en\/wp-json\/wp\/v2\/product_brand?post=11946"},{"taxonomy":"product_cat","embeddable":true,"href":"https:\/\/raktava.lt\/en\/wp-json\/wp\/v2\/product_cat?post=11946"},{"taxonomy":"product_tag","embeddable":true,"href":"https:\/\/raktava.lt\/en\/wp-json\/wp\/v2\/product_tag?post=11946"}],"curies":[{"name":"wp","href":"https:\/\/api.w.org\/{rel}","templated":true}]}}