{"id":11931,"date":"2024-06-17T10:55:03","date_gmt":"2024-06-17T07:55:03","guid":{"rendered":"https:\/\/raktava.lt\/?post_type=product&#038;p=11931"},"modified":"2026-03-31T15:13:20","modified_gmt":"2026-03-31T12:13:20","slug":"dinamometrinis-raktas-3-8-14-110nm","status":"publish","type":"product","link":"https:\/\/raktava.lt\/en\/product\/automobiliu-remonto-irankiai\/dinamometrai-kampuociai\/dinamometrinis-raktas-3-8-14-110nm\/","title":{"rendered":"Dinamometrinis raktas 3\/8 14-110Nm"},"content":{"rendered":"<pre class=\"tw-data-text tw-text-large tw-ta\" dir=\"ltr\" tabindex=\"-1\" role=\"text\" data-placeholder=\"Vertimas\" data-ved=\"2ahUKEwiAis_L_8mTAxWhcfEDHZPXGTIQ3ewLegQIDBAW\" aria-label=\"I\u0161verstas tekstas: Sukimo momento raktas, 3\/8&quot;, 14\u2013110 Nm\r\n\r\nVieno paspaudimo (tik \u012f de\u0161in\u0119)\r\nPerjungiama terk\u0161l\u0117s galvut\u0117\r\nPateikiamas laikymo d\u0117kle\r\nPavaros dydis: 3\/8&quot;\r\nMatavimo diapazonas: 14\u2013110 Nm\r\nTiksli skal\u0117: 0,1 Nm\r\nDant\u0173 skai\u010dius: 45\r\nIlgis: 275 mm\r\nRemonto komplektas: 96-381\r\nTolerancija: +\/- 4 %\"><span class=\"Y2IQFc\" lang=\"lt\">Sukimo momento raktas, 3\/8\", 14\u2013110 Nm\r\nVieno paspaudimo (tik \u012f de\u0161in\u0119)\r\nPerjungiama terk\u0161l\u0117s galvut\u0117\r\nPateikiamas laikymo d\u0117kle\r\nPavaros dydis: 3\/8\"\r\nMatavimo diapazonas: 14\u2013110 Nm\r\nTiksli skal\u0117: 0,1 Nm\r\nDant\u0173 skai\u010dius: 45\r\nIlgis: 275 mm\r\nRemonto komplektas: 96-381\r\nTolerancija: +\/- 4 %\r\n<\/span><\/pre>\n<hr \/>\n<p><em>Nurodytos kainos galioja perkant internetu.<\/em><\/p>\n","protected":false},"excerpt":{"rendered":"<p>Dinamometrinis raktas 3\/8 14-110Nm<\/p>\n<p>&nbsp;<\/p>\n","protected":false},"featured_media":11927,"comment_status":"open","ping_status":"closed","template":"","meta":[],"product_brand":[589],"product_cat":[100],"product_tag":[1547,575,1548,837],"class_list":{"0":"post-11931","1":"product","2":"type-product","3":"status-publish","4":"has-post-thumbnail","6":"product_brand-condor-werkzeug-vokietija","7":"product_cat-dinamometrai-kampuociai","8":"product_tag-14-110-nm","9":"product_tag-3-8","10":"product_tag-c0096-1","11":"product_tag-dinamometrinis-raktas","13":"first","14":"instock","15":"taxable","16":"shipping-taxable","17":"purchasable","18":"product-type-simple"},"_links":{"self":[{"href":"https:\/\/raktava.lt\/en\/wp-json\/wp\/v2\/product\/11931","targetHints":{"allow":["GET"]}}],"collection":[{"href":"https:\/\/raktava.lt\/en\/wp-json\/wp\/v2\/product"}],"about":[{"href":"https:\/\/raktava.lt\/en\/wp-json\/wp\/v2\/types\/product"}],"replies":[{"embeddable":true,"href":"https:\/\/raktava.lt\/en\/wp-json\/wp\/v2\/comments?post=11931"}],"version-history":[{"count":3,"href":"https:\/\/raktava.lt\/en\/wp-json\/wp\/v2\/product\/11931\/revisions"}],"predecessor-version":[{"id":19103,"href":"https:\/\/raktava.lt\/en\/wp-json\/wp\/v2\/product\/11931\/revisions\/19103"}],"wp:featuredmedia":[{"embeddable":true,"href":"https:\/\/raktava.lt\/en\/wp-json\/wp\/v2\/media\/11927"}],"wp:attachment":[{"href":"https:\/\/raktava.lt\/en\/wp-json\/wp\/v2\/media?parent=11931"}],"wp:term":[{"taxonomy":"product_brand","embeddable":true,"href":"https:\/\/raktava.lt\/en\/wp-json\/wp\/v2\/product_brand?post=11931"},{"taxonomy":"product_cat","embeddable":true,"href":"https:\/\/raktava.lt\/en\/wp-json\/wp\/v2\/product_cat?post=11931"},{"taxonomy":"product_tag","embeddable":true,"href":"https:\/\/raktava.lt\/en\/wp-json\/wp\/v2\/product_tag?post=11931"}],"curies":[{"name":"wp","href":"https:\/\/api.w.org\/{rel}","templated":true}]}}