{"id":11880,"date":"2024-06-13T15:36:24","date_gmt":"2024-06-13T12:36:24","guid":{"rendered":"https:\/\/raktava.lt\/?post_type=product&#038;p=11880"},"modified":"2025-03-20T09:51:35","modified_gmt":"2025-03-20T07:51:35","slug":"santechnines-reples-knipec-cobra-su-fiksavimu","status":"publish","type":"product","link":"https:\/\/raktava.lt\/en\/product\/rankiniai-irankiai\/reples-repliu-komplektai-zirkles-skardai-specializuotos-reples\/santechnines-reples\/santechnines-reples-knipec-cobra-su-fiksavimu\/","title":{"rendered":"Knipex Cobra santechnin\u0117s repl\u0117s su fiksavimu 180mm"},"content":{"rendered":"<p><span style=\"vertical-align: inherit;\"><span style=\"vertical-align: inherit;\"><span style=\"vertical-align: inherit;\"><span style=\"vertical-align: inherit;\">DIN ISO 8976 <\/span><\/span><\/span><\/span><br \/>\n<span style=\"vertical-align: inherit;\"><span style=\"vertical-align: inherit;\"><span style=\"vertical-align: inherit;\"><span style=\"vertical-align: inherit;\">Nustatymo ir u\u017efiksavimo mygtukas <\/span><\/span><\/span><\/span><br \/>\n<span style=\"vertical-align: inherit;\"><span style=\"vertical-align: inherit;\"><span style=\"vertical-align: inherit;\"><span style=\"vertical-align: inherit;\">CrV plienas gr\u016bdintas <\/span><\/span><\/span><\/span><br \/>\n<span style=\"vertical-align: inherit;\"><span style=\"vertical-align: inherit;\"><span style=\"vertical-align: inherit;\"><span style=\"vertical-align: inherit;\">Tikslus reguliavimas optimaliam prisitaikymui prie \u012fvairi\u0173 dyd\u017ei\u0173 ruo\u0161ini\u0173 ir patogaus rankenos plo\u010dio <\/span><\/span><\/span><\/span><br \/>\n<span style=\"vertical-align: inherit;\"><span style=\"vertical-align: inherit;\"><span style=\"vertical-align: inherit;\"><span style=\"vertical-align: inherit;\">Savaiminis vamzd\u017ei\u0173 ir ver\u017eli\u0173 u\u017esifiksavimas: ruo\u0161inys neslysta ir reikia ma\u017e\u0173 rank\u0173 j\u0117gos <\/span><\/span><\/span><\/span><br \/>\n<span style=\"vertical-align: inherit;\"><span style=\"vertical-align: inherit;\"><span style=\"vertical-align: inherit;\"><span style=\"vertical-align: inherit;\">Sukibimo pavir\u0161iai su specialiais gr\u016bdintais dantimis, dant\u0173 kietumu. 61 HRC: didelis atsparumas dilimui ir stabilus sukibimas <\/span><\/span><\/span><\/span><br \/>\n<span style=\"vertical-align: inherit;\"><span style=\"vertical-align: inherit;\"><span style=\"vertical-align: inherit;\"><span style=\"vertical-align: inherit;\">Patikimas vyri\u0173 u\u017efiksavimas nuo nety\u010dinio perjungimo <\/span><\/span><\/span><\/span><br \/>\n<span style=\"vertical-align: inherit;\"><span style=\"vertical-align: inherit;\"><span style=\"vertical-align: inherit;\"><span style=\"vertical-align: inherit;\">Apsauga nuo suspaudimo neleid\u017eia su\u017eeisti pir\u0161tus<\/span><\/span><\/span><\/span><\/p>\n<p>&nbsp;<\/p>\n","protected":false},"excerpt":{"rendered":"<p>Knipex Cobra santechnin\u0117s repl\u0117s su fiksavimu 180mm<\/p>\n<p><span style=\"vertical-align: inherit;\"><span style=\"vertical-align: inherit;\"><span style=\"vertical-align: inherit;\"><span style=\"vertical-align: inherit;\">Ilgis: 180mm<\/span><\/span><\/span><\/span><\/p>\n<p><span style=\"vertical-align: inherit;\"><span style=\"vertical-align: inherit;\"><span style=\"vertical-align: inherit;\"><span style=\"vertical-align: inherit;\">Max \u017eio\u010di\u0173 apimtis ver\u017elei: 36 mm<\/span><\/span><\/span><\/span><\/p>\n<p><span style=\"vertical-align: inherit;\"><span style=\"vertical-align: inherit;\"><span style=\"vertical-align: inherit;\"><span style=\"vertical-align: inherit;\">Maksimalus \u017eio\u010di\u0173 apimtis vamzd\u017eio diametras: 1 1\/2&#8243;<\/span><\/span><\/span><\/span><\/p>\n<p><span style=\"vertical-align: inherit;\"><span style=\"vertical-align: inherit;\"><span style=\"vertical-align: inherit;\"><span style=\"vertical-align: inherit;\">Svoris: 0,170 kg<\/span><\/span><\/span><\/span><\/p>\n<p><span style=\"color: #ffffff;\"><span style=\"vertical-align: inherit;\"><span style=\"vertical-align: inherit;\">Santechnin\u0117s repl\u0117s Knipec Cobra su fiksavimu 180mm<\/span><\/span><\/span><\/p>\n","protected":false},"featured_media":11883,"comment_status":"open","ping_status":"closed","template":"","meta":[],"product_brand":[672],"product_cat":[240],"product_tag":[673,521],"class_list":{"0":"post-11880","1":"product","2":"type-product","3":"status-publish","4":"has-post-thumbnail","6":"product_brand-knipex","7":"product_cat-santechnines-reples","8":"product_tag-kni","9":"product_tag-knipex","11":"first","12":"instock","13":"taxable","14":"shipping-taxable","15":"purchasable","16":"product-type-simple"},"_links":{"self":[{"href":"https:\/\/raktava.lt\/en\/wp-json\/wp\/v2\/product\/11880","targetHints":{"allow":["GET"]}}],"collection":[{"href":"https:\/\/raktava.lt\/en\/wp-json\/wp\/v2\/product"}],"about":[{"href":"https:\/\/raktava.lt\/en\/wp-json\/wp\/v2\/types\/product"}],"replies":[{"embeddable":true,"href":"https:\/\/raktava.lt\/en\/wp-json\/wp\/v2\/comments?post=11880"}],"version-history":[{"count":7,"href":"https:\/\/raktava.lt\/en\/wp-json\/wp\/v2\/product\/11880\/revisions"}],"predecessor-version":[{"id":16710,"href":"https:\/\/raktava.lt\/en\/wp-json\/wp\/v2\/product\/11880\/revisions\/16710"}],"wp:featuredmedia":[{"embeddable":true,"href":"https:\/\/raktava.lt\/en\/wp-json\/wp\/v2\/media\/11883"}],"wp:attachment":[{"href":"https:\/\/raktava.lt\/en\/wp-json\/wp\/v2\/media?parent=11880"}],"wp:term":[{"taxonomy":"product_brand","embeddable":true,"href":"https:\/\/raktava.lt\/en\/wp-json\/wp\/v2\/product_brand?post=11880"},{"taxonomy":"product_cat","embeddable":true,"href":"https:\/\/raktava.lt\/en\/wp-json\/wp\/v2\/product_cat?post=11880"},{"taxonomy":"product_tag","embeddable":true,"href":"https:\/\/raktava.lt\/en\/wp-json\/wp\/v2\/product_tag?post=11880"}],"curies":[{"name":"wp","href":"https:\/\/api.w.org\/{rel}","templated":true}]}}