{"id":11753,"date":"2024-06-04T13:30:03","date_gmt":"2024-06-04T10:30:03","guid":{"rendered":"https:\/\/raktava.lt\/?post_type=product&#038;p=11753"},"modified":"2026-03-27T11:28:26","modified_gmt":"2026-03-27T09:28:26","slug":"smugine-galvute-6-kampe-ilga-1-2%e2%80%b3-18mm","status":"publish","type":"product","link":"https:\/\/raktava.lt\/en\/product\/rankiniai-irankiai\/galvutes-galvuciu-komplektai-laikikliai-galvutems\/1-2-galvutes-smugines\/smugine-galvute-6-kampe-ilga-1-2%e2%80%b3-18mm\/","title":{"rendered":"Sm\u016bgin\u0117 galvut\u0117 6-kamp\u0117 ilga 1\/2 18mm"},"content":{"rendered":"<p>Sm\u016bgin\u0117 galvut\u0117 6-kamp\u0117 ilga 1\/2\u2033 18mm<\/p>\n","protected":false},"excerpt":{"rendered":"<p>Sm\u016bgin\u0117 galvut\u0117 6-kamp\u0117 ilga 1\/2 18mm<\/p>\n<p>Galvut\u0117s apytikslis ilgis 78mm<\/p>\n","protected":false},"featured_media":13349,"comment_status":"open","ping_status":"closed","template":"","meta":[],"product_brand":[571],"product_cat":[46],"product_tag":[660,644,710],"class_list":{"0":"post-11753","1":"product","2":"type-product","3":"status-publish","4":"has-post-thumbnail","6":"product_brand-bgs-technic-germany","7":"product_cat-1-2-galvutes-smugines","8":"product_tag-galvute","9":"product_tag-galvute-sesiakampe","10":"product_tag-galvute-smugine","12":"first","13":"instock","14":"taxable","15":"shipping-taxable","16":"purchasable","17":"product-type-simple"},"_links":{"self":[{"href":"https:\/\/raktava.lt\/en\/wp-json\/wp\/v2\/product\/11753","targetHints":{"allow":["GET"]}}],"collection":[{"href":"https:\/\/raktava.lt\/en\/wp-json\/wp\/v2\/product"}],"about":[{"href":"https:\/\/raktava.lt\/en\/wp-json\/wp\/v2\/types\/product"}],"replies":[{"embeddable":true,"href":"https:\/\/raktava.lt\/en\/wp-json\/wp\/v2\/comments?post=11753"}],"version-history":[{"count":2,"href":"https:\/\/raktava.lt\/en\/wp-json\/wp\/v2\/product\/11753\/revisions"}],"predecessor-version":[{"id":16189,"href":"https:\/\/raktava.lt\/en\/wp-json\/wp\/v2\/product\/11753\/revisions\/16189"}],"wp:featuredmedia":[{"embeddable":true,"href":"https:\/\/raktava.lt\/en\/wp-json\/wp\/v2\/media\/13349"}],"wp:attachment":[{"href":"https:\/\/raktava.lt\/en\/wp-json\/wp\/v2\/media?parent=11753"}],"wp:term":[{"taxonomy":"product_brand","embeddable":true,"href":"https:\/\/raktava.lt\/en\/wp-json\/wp\/v2\/product_brand?post=11753"},{"taxonomy":"product_cat","embeddable":true,"href":"https:\/\/raktava.lt\/en\/wp-json\/wp\/v2\/product_cat?post=11753"},{"taxonomy":"product_tag","embeddable":true,"href":"https:\/\/raktava.lt\/en\/wp-json\/wp\/v2\/product_tag?post=11753"}],"curies":[{"name":"wp","href":"https:\/\/api.w.org\/{rel}","templated":true}]}}