{"id":11746,"date":"2024-06-04T13:12:20","date_gmt":"2024-06-04T10:12:20","guid":{"rendered":"https:\/\/raktava.lt\/?post_type=product&#038;p=11746"},"modified":"2025-04-14T08:52:35","modified_gmt":"2025-04-14T05:52:35","slug":"smugine-galvute-6-kampe-ilga-1-2-17mm","status":"publish","type":"product","link":"https:\/\/raktava.lt\/en\/product\/rankiniai-irankiai\/galvutes-galvuciu-komplektai-laikikliai-galvutems\/1-2-galvutes-smugines\/smugine-galvute-6-kampe-ilga-1-2-17mm\/","title":{"rendered":"Sm\u016bgin\u0117 galvut\u0117 6-kamp\u0117 ilga 1\/2&#8243; 17mm"},"content":{"rendered":"<p><span style=\"color: #ffffff;\">Sm\u016bgin\u0117 galvut\u0117 6-kamp\u0117 ilga 1\/2&#8243; 17mm <\/span><\/p>\n","protected":false},"excerpt":{"rendered":"<p>Sm\u016bgin\u0117 galvut\u0117 6-kamp\u0117 ilga 1\/2&#8243; 17mm<\/p>\n","protected":false},"featured_media":11747,"comment_status":"open","ping_status":"closed","template":"","meta":[],"product_brand":[],"product_cat":[46],"product_tag":[513],"class_list":{"0":"post-11746","1":"product","2":"type-product","3":"status-publish","4":"has-post-thumbnail","6":"product_cat-1-2-galvutes-smugines","7":"product_tag-bgs-technic","9":"first","10":"outofstock","11":"taxable","12":"shipping-taxable","13":"purchasable","14":"product-type-simple"},"_links":{"self":[{"href":"https:\/\/raktava.lt\/en\/wp-json\/wp\/v2\/product\/11746","targetHints":{"allow":["GET"]}}],"collection":[{"href":"https:\/\/raktava.lt\/en\/wp-json\/wp\/v2\/product"}],"about":[{"href":"https:\/\/raktava.lt\/en\/wp-json\/wp\/v2\/types\/product"}],"replies":[{"embeddable":true,"href":"https:\/\/raktava.lt\/en\/wp-json\/wp\/v2\/comments?post=11746"}],"version-history":[{"count":2,"href":"https:\/\/raktava.lt\/en\/wp-json\/wp\/v2\/product\/11746\/revisions"}],"predecessor-version":[{"id":11752,"href":"https:\/\/raktava.lt\/en\/wp-json\/wp\/v2\/product\/11746\/revisions\/11752"}],"wp:featuredmedia":[{"embeddable":true,"href":"https:\/\/raktava.lt\/en\/wp-json\/wp\/v2\/media\/11747"}],"wp:attachment":[{"href":"https:\/\/raktava.lt\/en\/wp-json\/wp\/v2\/media?parent=11746"}],"wp:term":[{"taxonomy":"product_brand","embeddable":true,"href":"https:\/\/raktava.lt\/en\/wp-json\/wp\/v2\/product_brand?post=11746"},{"taxonomy":"product_cat","embeddable":true,"href":"https:\/\/raktava.lt\/en\/wp-json\/wp\/v2\/product_cat?post=11746"},{"taxonomy":"product_tag","embeddable":true,"href":"https:\/\/raktava.lt\/en\/wp-json\/wp\/v2\/product_tag?post=11746"}],"curies":[{"name":"wp","href":"https:\/\/api.w.org\/{rel}","templated":true}]}}