{"id":11741,"date":"2024-06-04T13:06:23","date_gmt":"2024-06-04T10:06:23","guid":{"rendered":"https:\/\/raktava.lt\/?post_type=product&#038;p=11741"},"modified":"2025-03-26T16:45:42","modified_gmt":"2025-03-26T14:45:42","slug":"galvute-smugine-6-kampe-1-2-18mm","status":"publish","type":"product","link":"https:\/\/raktava.lt\/en\/product\/rankiniai-irankiai\/galvutes-galvuciu-komplektai-laikikliai-galvutems\/1-2-galvutes-smugines\/galvute-smugine-6-kampe-1-2-18mm\/","title":{"rendered":"Galvut\u0117 sm\u016bgin\u0117 6-kamp\u0117 1\/2 18mm"},"content":{"rendered":"<p>Sm\u016bgin\u0117 galvut\u0117 6-kamp\u0117 1\/2&#8243; 18mm<\/p>\n","protected":false},"excerpt":{"rendered":"<p>Sm\u016bgin\u0117 galvut\u0117 6-kamp\u0117 1\/2 18mm<\/p>\n","protected":false},"featured_media":11742,"comment_status":"open","ping_status":"closed","template":"","meta":[],"product_brand":[571],"product_cat":[46],"product_tag":[709,710],"class_list":{"0":"post-11741","1":"product","2":"type-product","3":"status-publish","4":"has-post-thumbnail","6":"product_brand-bgs-technic-germany","7":"product_cat-1-2-galvutes-smugines","8":"product_tag-bgs-irankiai","9":"product_tag-galvute-smugine","11":"first","12":"instock","13":"taxable","14":"shipping-taxable","15":"purchasable","16":"product-type-simple"},"_links":{"self":[{"href":"https:\/\/raktava.lt\/en\/wp-json\/wp\/v2\/product\/11741","targetHints":{"allow":["GET"]}}],"collection":[{"href":"https:\/\/raktava.lt\/en\/wp-json\/wp\/v2\/product"}],"about":[{"href":"https:\/\/raktava.lt\/en\/wp-json\/wp\/v2\/types\/product"}],"replies":[{"embeddable":true,"href":"https:\/\/raktava.lt\/en\/wp-json\/wp\/v2\/comments?post=11741"}],"version-history":[{"count":3,"href":"https:\/\/raktava.lt\/en\/wp-json\/wp\/v2\/product\/11741\/revisions"}],"predecessor-version":[{"id":16845,"href":"https:\/\/raktava.lt\/en\/wp-json\/wp\/v2\/product\/11741\/revisions\/16845"}],"wp:featuredmedia":[{"embeddable":true,"href":"https:\/\/raktava.lt\/en\/wp-json\/wp\/v2\/media\/11742"}],"wp:attachment":[{"href":"https:\/\/raktava.lt\/en\/wp-json\/wp\/v2\/media?parent=11741"}],"wp:term":[{"taxonomy":"product_brand","embeddable":true,"href":"https:\/\/raktava.lt\/en\/wp-json\/wp\/v2\/product_brand?post=11741"},{"taxonomy":"product_cat","embeddable":true,"href":"https:\/\/raktava.lt\/en\/wp-json\/wp\/v2\/product_cat?post=11741"},{"taxonomy":"product_tag","embeddable":true,"href":"https:\/\/raktava.lt\/en\/wp-json\/wp\/v2\/product_tag?post=11741"}],"curies":[{"name":"wp","href":"https:\/\/api.w.org\/{rel}","templated":true}]}}