{"id":11735,"date":"2024-06-04T12:55:15","date_gmt":"2024-06-04T09:55:15","guid":{"rendered":"https:\/\/raktava.lt\/?post_type=product&#038;p=11735"},"modified":"2024-11-29T12:28:36","modified_gmt":"2024-11-29T10:28:36","slug":"smugine-galvute-ilga-6-kampe-1-2-17mm","status":"publish","type":"product","link":"https:\/\/raktava.lt\/en\/product\/rankiniai-irankiai\/galvutes-galvuciu-komplektai-laikikliai-galvutems\/1-2-galvutes-smugines\/smugine-galvute-ilga-6-kampe-1-2-17mm\/","title":{"rendered":"Sm\u016bgin\u0117 galvut\u0117 ilga 6-kamp\u0117 1\/2&#8243; 17mm"},"content":{"rendered":"<p>Sm\u016bgin\u0117 galvut\u0117 ilga 6-kamp\u0117 1\/2&#8243; 17mm<\/p>\n","protected":false},"excerpt":{"rendered":"<p>Sm\u016bgin\u0117 galvut\u0117 ilga 6-kamp\u0117 1\/2&#8243; 17mm<\/p>\n","protected":false},"featured_media":11736,"comment_status":"open","ping_status":"closed","template":"","meta":[],"product_brand":[],"product_cat":[46],"product_tag":[190],"class_list":{"0":"post-11735","1":"product","2":"type-product","3":"status-publish","4":"has-post-thumbnail","6":"product_cat-1-2-galvutes-smugines","7":"product_tag-kingrony","9":"first","10":"outofstock","11":"taxable","12":"shipping-taxable","13":"purchasable","14":"product-type-simple"},"_links":{"self":[{"href":"https:\/\/raktava.lt\/en\/wp-json\/wp\/v2\/product\/11735","targetHints":{"allow":["GET"]}}],"collection":[{"href":"https:\/\/raktava.lt\/en\/wp-json\/wp\/v2\/product"}],"about":[{"href":"https:\/\/raktava.lt\/en\/wp-json\/wp\/v2\/types\/product"}],"replies":[{"embeddable":true,"href":"https:\/\/raktava.lt\/en\/wp-json\/wp\/v2\/comments?post=11735"}],"version-history":[{"count":1,"href":"https:\/\/raktava.lt\/en\/wp-json\/wp\/v2\/product\/11735\/revisions"}],"predecessor-version":[{"id":11740,"href":"https:\/\/raktava.lt\/en\/wp-json\/wp\/v2\/product\/11735\/revisions\/11740"}],"wp:featuredmedia":[{"embeddable":true,"href":"https:\/\/raktava.lt\/en\/wp-json\/wp\/v2\/media\/11736"}],"wp:attachment":[{"href":"https:\/\/raktava.lt\/en\/wp-json\/wp\/v2\/media?parent=11735"}],"wp:term":[{"taxonomy":"product_brand","embeddable":true,"href":"https:\/\/raktava.lt\/en\/wp-json\/wp\/v2\/product_brand?post=11735"},{"taxonomy":"product_cat","embeddable":true,"href":"https:\/\/raktava.lt\/en\/wp-json\/wp\/v2\/product_cat?post=11735"},{"taxonomy":"product_tag","embeddable":true,"href":"https:\/\/raktava.lt\/en\/wp-json\/wp\/v2\/product_tag?post=11735"}],"curies":[{"name":"wp","href":"https:\/\/api.w.org\/{rel}","templated":true}]}}