{"id":11724,"date":"2024-06-04T12:08:39","date_gmt":"2024-06-04T09:08:39","guid":{"rendered":"https:\/\/raktava.lt\/?post_type=product&#038;p=11724"},"modified":"2025-01-03T13:25:44","modified_gmt":"2025-01-03T11:25:44","slug":"galvuciu-komplektas-6-kampes-3-8-8-19mm-12vnt","status":"publish","type":"product","link":"https:\/\/raktava.lt\/en\/product\/rankiniai-irankiai\/galvutes-galvuciu-komplektai-laikikliai-galvutems\/3-8-galvutes-ir-ju-komplektai\/galvuciu-komplektas-6-kampes-3-8-8-19mm-12vnt\/","title":{"rendered":"Galvu\u010di\u0173 komplektas 6-kamp\u0117s 3\/8 8-19mm 12vnt."},"content":{"rendered":"<p>Galvu\u010di\u0173 komplektas 6-kamp\u0117s 3\/8&#8243; 8-19mm<\/p>\n<p>&nbsp;<\/p>\n","protected":false},"excerpt":{"rendered":"<p>Komplekte esan\u010di\u0173 galvu\u010di\u0173 dyd\u017eiai: 8; 9; 10; 11; 12; 13; 14;15; 16; 17;\u00a0 18; 19mm<\/p>\n<p>Galvu\u010di\u0173 komplektas 6-kap\u0117s 3\/8&#8243; 8-19mm<\/p>\n","protected":false},"featured_media":11725,"comment_status":"open","ping_status":"closed","template":"","meta":[],"product_brand":[],"product_cat":[94],"product_tag":[514],"class_list":{"0":"post-11724","1":"product","2":"type-product","3":"status-publish","4":"has-post-thumbnail","6":"product_cat-3-8-galvutes-ir-ju-komplektai","7":"product_tag-condor-werkzeug","9":"first","10":"instock","11":"taxable","12":"shipping-taxable","13":"purchasable","14":"product-type-simple"},"_links":{"self":[{"href":"https:\/\/raktava.lt\/en\/wp-json\/wp\/v2\/product\/11724","targetHints":{"allow":["GET"]}}],"collection":[{"href":"https:\/\/raktava.lt\/en\/wp-json\/wp\/v2\/product"}],"about":[{"href":"https:\/\/raktava.lt\/en\/wp-json\/wp\/v2\/types\/product"}],"replies":[{"embeddable":true,"href":"https:\/\/raktava.lt\/en\/wp-json\/wp\/v2\/comments?post=11724"}],"version-history":[{"count":2,"href":"https:\/\/raktava.lt\/en\/wp-json\/wp\/v2\/product\/11724\/revisions"}],"predecessor-version":[{"id":15915,"href":"https:\/\/raktava.lt\/en\/wp-json\/wp\/v2\/product\/11724\/revisions\/15915"}],"wp:featuredmedia":[{"embeddable":true,"href":"https:\/\/raktava.lt\/en\/wp-json\/wp\/v2\/media\/11725"}],"wp:attachment":[{"href":"https:\/\/raktava.lt\/en\/wp-json\/wp\/v2\/media?parent=11724"}],"wp:term":[{"taxonomy":"product_brand","embeddable":true,"href":"https:\/\/raktava.lt\/en\/wp-json\/wp\/v2\/product_brand?post=11724"},{"taxonomy":"product_cat","embeddable":true,"href":"https:\/\/raktava.lt\/en\/wp-json\/wp\/v2\/product_cat?post=11724"},{"taxonomy":"product_tag","embeddable":true,"href":"https:\/\/raktava.lt\/en\/wp-json\/wp\/v2\/product_tag?post=11724"}],"curies":[{"name":"wp","href":"https:\/\/api.w.org\/{rel}","templated":true}]}}