{"id":11714,"date":"2024-06-04T11:59:31","date_gmt":"2024-06-04T08:59:31","guid":{"rendered":"https:\/\/raktava.lt\/?post_type=product&#038;p=11714"},"modified":"2026-03-27T12:21:12","modified_gmt":"2026-03-27T10:21:12","slug":"galvuciu-rinkinys-12-kampiu-3-8-8-19mm-12vnt","status":"publish","type":"product","link":"https:\/\/raktava.lt\/en\/product\/rankiniai-irankiai\/galvutes-galvuciu-komplektai-laikikliai-galvutems\/3-8-galvutes-ir-ju-komplektai\/galvuciu-rinkinys-12-kampiu-3-8-8-19mm-12vnt\/","title":{"rendered":"Galvu\u010di\u0173 rinkinys 12-kampi\u0173 3\/8 8-19mm 12vnt."},"content":{"rendered":"<p><span style=\"color: #ffffff;\"><span style=\"vertical-align: inherit;\"><span style=\"vertical-align: inherit;\">Galvu\u010di\u0173 rinkinys 12-kampi\u0173 3\/8 8-19mm 12vnt.<\/span><\/span><\/span><\/p>\n","protected":false},"excerpt":{"rendered":"<p><span style=\"vertical-align: inherit;\"><span style=\"vertical-align: inherit;\">Komplekt\u0105 sudaro: 8; 9; 10; 11; 12; 13; 14; 15; 16; 17; 18; 19 mm galvut\u0117s<\/span><\/span><\/p>\n<p><span style=\"color: #ffffff;\"><span style=\"vertical-align: inherit;\"><span style=\"vertical-align: inherit;\">Galvu\u010di\u0173 rinkinys 12-kampi\u0173 3\/8 8-19mm 12vnt.<\/span><\/span><\/span><\/p>\n<p>&nbsp;<\/p>\n","protected":false},"featured_media":11717,"comment_status":"open","ping_status":"closed","template":"","meta":[],"product_brand":[571],"product_cat":[94],"product_tag":[724,660,714],"class_list":{"0":"post-11714","1":"product","2":"type-product","3":"status-publish","4":"has-post-thumbnail","6":"product_brand-bgs-technic-germany","7":"product_cat-3-8-galvutes-ir-ju-komplektai","8":"product_tag-galvuciu-komplektas","9":"product_tag-galvute","10":"product_tag-galvute-dvylikakampe","12":"first","13":"instock","14":"taxable","15":"shipping-taxable","16":"purchasable","17":"product-type-simple"},"_links":{"self":[{"href":"https:\/\/raktava.lt\/en\/wp-json\/wp\/v2\/product\/11714","targetHints":{"allow":["GET"]}}],"collection":[{"href":"https:\/\/raktava.lt\/en\/wp-json\/wp\/v2\/product"}],"about":[{"href":"https:\/\/raktava.lt\/en\/wp-json\/wp\/v2\/types\/product"}],"replies":[{"embeddable":true,"href":"https:\/\/raktava.lt\/en\/wp-json\/wp\/v2\/comments?post=11714"}],"version-history":[{"count":2,"href":"https:\/\/raktava.lt\/en\/wp-json\/wp\/v2\/product\/11714\/revisions"}],"predecessor-version":[{"id":12925,"href":"https:\/\/raktava.lt\/en\/wp-json\/wp\/v2\/product\/11714\/revisions\/12925"}],"wp:featuredmedia":[{"embeddable":true,"href":"https:\/\/raktava.lt\/en\/wp-json\/wp\/v2\/media\/11717"}],"wp:attachment":[{"href":"https:\/\/raktava.lt\/en\/wp-json\/wp\/v2\/media?parent=11714"}],"wp:term":[{"taxonomy":"product_brand","embeddable":true,"href":"https:\/\/raktava.lt\/en\/wp-json\/wp\/v2\/product_brand?post=11714"},{"taxonomy":"product_cat","embeddable":true,"href":"https:\/\/raktava.lt\/en\/wp-json\/wp\/v2\/product_cat?post=11714"},{"taxonomy":"product_tag","embeddable":true,"href":"https:\/\/raktava.lt\/en\/wp-json\/wp\/v2\/product_tag?post=11714"}],"curies":[{"name":"wp","href":"https:\/\/api.w.org\/{rel}","templated":true}]}}