{"id":11696,"date":"2024-06-04T11:03:08","date_gmt":"2024-06-04T08:03:08","guid":{"rendered":"https:\/\/raktava.lt\/?post_type=product&#038;p=11696"},"modified":"2025-01-03T12:11:58","modified_gmt":"2025-01-03T10:11:58","slug":"daugiafunkciniu-galvuciu-k-tas-1-4-4-14mm","status":"publish","type":"product","link":"https:\/\/raktava.lt\/en\/product\/rankiniai-irankiai\/galvutes-galvuciu-komplektai-laikikliai-galvutems\/1-4-galvutes-ir-ju-komplektai\/daugiafunkciniu-galvuciu-k-tas-1-4-4-14mm\/","title":{"rendered":"Daugiafunkcini\u0173 galvu\u010di\u0173 k-tas 1\/4 4-14mm"},"content":{"rendered":"<p><span style=\"color: #ffffff;\">Daugiafunkcini\u0173 galvu\u010di\u0173 k-tas 1\/4 4-14mm<\/span><\/p>\n","protected":false},"excerpt":{"rendered":"<p>Daugiafunkcini\u0173 galvu\u010di\u0173 k-tas 1\/4 4-14mm<\/p>\n","protected":false},"featured_media":11697,"comment_status":"open","ping_status":"closed","template":"","meta":[],"product_brand":[],"product_cat":[135],"product_tag":[],"class_list":{"0":"post-11696","1":"product","2":"type-product","3":"status-publish","4":"has-post-thumbnail","6":"product_cat-1-4-galvutes-ir-ju-komplektai","8":"first","9":"instock","10":"taxable","11":"shipping-taxable","12":"purchasable","13":"product-type-simple"},"_links":{"self":[{"href":"https:\/\/raktava.lt\/en\/wp-json\/wp\/v2\/product\/11696","targetHints":{"allow":["GET"]}}],"collection":[{"href":"https:\/\/raktava.lt\/en\/wp-json\/wp\/v2\/product"}],"about":[{"href":"https:\/\/raktava.lt\/en\/wp-json\/wp\/v2\/types\/product"}],"replies":[{"embeddable":true,"href":"https:\/\/raktava.lt\/en\/wp-json\/wp\/v2\/comments?post=11696"}],"version-history":[{"count":2,"href":"https:\/\/raktava.lt\/en\/wp-json\/wp\/v2\/product\/11696\/revisions"}],"predecessor-version":[{"id":11706,"href":"https:\/\/raktava.lt\/en\/wp-json\/wp\/v2\/product\/11696\/revisions\/11706"}],"wp:featuredmedia":[{"embeddable":true,"href":"https:\/\/raktava.lt\/en\/wp-json\/wp\/v2\/media\/11697"}],"wp:attachment":[{"href":"https:\/\/raktava.lt\/en\/wp-json\/wp\/v2\/media?parent=11696"}],"wp:term":[{"taxonomy":"product_brand","embeddable":true,"href":"https:\/\/raktava.lt\/en\/wp-json\/wp\/v2\/product_brand?post=11696"},{"taxonomy":"product_cat","embeddable":true,"href":"https:\/\/raktava.lt\/en\/wp-json\/wp\/v2\/product_cat?post=11696"},{"taxonomy":"product_tag","embeddable":true,"href":"https:\/\/raktava.lt\/en\/wp-json\/wp\/v2\/product_tag?post=11696"}],"curies":[{"name":"wp","href":"https:\/\/api.w.org\/{rel}","templated":true}]}}