{"id":11678,"date":"2024-06-04T10:21:58","date_gmt":"2024-06-04T07:21:58","guid":{"rendered":"https:\/\/raktava.lt\/?post_type=product&#038;p=11678"},"modified":"2025-03-13T16:38:59","modified_gmt":"2025-03-13T14:38:59","slug":"e-star-tipo-ilgu-galvuciu-komplektas-1-43-81-2-14vnt","status":"publish","type":"product","link":"https:\/\/raktava.lt\/en\/product\/rankiniai-irankiai\/galvutes-galvuciu-komplektai-laikikliai-galvutems\/1-2-galvutes-ir-ju-komplektai\/e-star-tipo-ilgu-galvuciu-komplektas-1-43-81-2-14vnt\/","title":{"rendered":"E-star tipo ilg\u0173 galvu\u010di\u0173 komplektas 1\/4&#8243;+3\/8&#8243;+1\/2&#8243; 14vnt."},"content":{"rendered":"<p>E-star tipo ilg\u0173 galvu\u010di\u0173 komplektas 1\/4&#8243;+3\/8&#8243;+1\/2&#8243; 14vnt.<\/p>\n","protected":false},"excerpt":{"rendered":"<p>E-star tipo ilg\u0173 galvu\u010di\u0173 komplektas 1\/4&#8243;+3\/8&#8243;+1\/2&#8243; 14vnt.<\/p>\n<p>5 vnt. 1\/4&#8243; E4, E5, E6, E7, E8<br \/>\n4 vnt. 3\/8&#8243; E10, E11, E12, E14<br \/>\n5 vnt. 1\/2&#8243; E16, E18, E20, E22, E24<\/p>\n","protected":false},"featured_media":11679,"comment_status":"open","ping_status":"closed","template":"","meta":[],"product_brand":[662],"product_cat":[50],"product_tag":[164],"class_list":{"0":"post-11678","1":"product","2":"type-product","3":"status-publish","4":"has-post-thumbnail","6":"product_brand-kingroy","7":"product_cat-1-2-galvutes-ir-ju-komplektai","8":"product_tag-kingroy","10":"first","11":"instock","12":"taxable","13":"shipping-taxable","14":"purchasable","15":"product-type-simple"},"_links":{"self":[{"href":"https:\/\/raktava.lt\/en\/wp-json\/wp\/v2\/product\/11678","targetHints":{"allow":["GET"]}}],"collection":[{"href":"https:\/\/raktava.lt\/en\/wp-json\/wp\/v2\/product"}],"about":[{"href":"https:\/\/raktava.lt\/en\/wp-json\/wp\/v2\/types\/product"}],"replies":[{"embeddable":true,"href":"https:\/\/raktava.lt\/en\/wp-json\/wp\/v2\/comments?post=11678"}],"version-history":[{"count":2,"href":"https:\/\/raktava.lt\/en\/wp-json\/wp\/v2\/product\/11678\/revisions"}],"predecessor-version":[{"id":16617,"href":"https:\/\/raktava.lt\/en\/wp-json\/wp\/v2\/product\/11678\/revisions\/16617"}],"wp:featuredmedia":[{"embeddable":true,"href":"https:\/\/raktava.lt\/en\/wp-json\/wp\/v2\/media\/11679"}],"wp:attachment":[{"href":"https:\/\/raktava.lt\/en\/wp-json\/wp\/v2\/media?parent=11678"}],"wp:term":[{"taxonomy":"product_brand","embeddable":true,"href":"https:\/\/raktava.lt\/en\/wp-json\/wp\/v2\/product_brand?post=11678"},{"taxonomy":"product_cat","embeddable":true,"href":"https:\/\/raktava.lt\/en\/wp-json\/wp\/v2\/product_cat?post=11678"},{"taxonomy":"product_tag","embeddable":true,"href":"https:\/\/raktava.lt\/en\/wp-json\/wp\/v2\/product_tag?post=11678"}],"curies":[{"name":"wp","href":"https:\/\/api.w.org\/{rel}","templated":true}]}}