{"id":11672,"date":"2024-06-04T10:12:17","date_gmt":"2024-06-04T07:12:17","guid":{"rendered":"https:\/\/raktava.lt\/?post_type=product&#038;p=11672"},"modified":"2025-05-07T16:32:33","modified_gmt":"2025-05-07T13:32:33","slug":"galvute-ilga-e-star-tipo-1-2-e14","status":"publish","type":"product","link":"https:\/\/raktava.lt\/en\/product\/rankiniai-irankiai\/galvutes-galvuciu-komplektai-laikikliai-galvutems\/1-2-galvutes-ir-ju-komplektai\/galvute-ilga-e-star-tipo-1-2-e14\/","title":{"rendered":"Galvut\u0117 ilga E-star tipo 1\/2 E14"},"content":{"rendered":"<p>Galvut\u0117 ilga E-star tipo 1\/2 E14<\/p>\n<pre id=\"tw-target-text\" class=\"tw-data-text tw-text-large tw-ta\" dir=\"ltr\" data-placeholder=\"Vertimas\" aria-label=\"I\u0161verstas tekstas\" data-ved=\"2ahUKEwiTusacpsGGAxXEgv0HHYbIDNcQ3ewLegQIBRAU\"><span class=\"Y2IQFc\" lang=\"lt\">Darbinis profilis \u2013 vidinis Torx\u00ae. \r\nPagaminta \u0161alto \u0161tampavimo b\u016bdu. \r\nMed\u017eiaga - chromo-vanad\u017eio \u012franki\u0173 plienas CrV50BV30.\r\nGr\u016bdintas iki 45-47 HRC. \r\nApsaugotas nuo korozijos chromu.<\/span><\/pre>\n","protected":false},"excerpt":{"rendered":"<p>Galvut\u0117 ilga E-star tipo 1\/2 E14<\/p>\n","protected":false},"featured_media":11673,"comment_status":"open","ping_status":"closed","template":"","meta":[],"product_brand":[],"product_cat":[50],"product_tag":[98],"class_list":{"0":"post-11672","1":"product","2":"type-product","3":"status-publish","4":"has-post-thumbnail","6":"product_cat-1-2-galvutes-ir-ju-komplektai","7":"product_tag-avtodelo","9":"first","10":"instock","11":"taxable","12":"shipping-taxable","13":"purchasable","14":"product-type-simple"},"_links":{"self":[{"href":"https:\/\/raktava.lt\/en\/wp-json\/wp\/v2\/product\/11672","targetHints":{"allow":["GET"]}}],"collection":[{"href":"https:\/\/raktava.lt\/en\/wp-json\/wp\/v2\/product"}],"about":[{"href":"https:\/\/raktava.lt\/en\/wp-json\/wp\/v2\/types\/product"}],"replies":[{"embeddable":true,"href":"https:\/\/raktava.lt\/en\/wp-json\/wp\/v2\/comments?post=11672"}],"version-history":[{"count":3,"href":"https:\/\/raktava.lt\/en\/wp-json\/wp\/v2\/product\/11672\/revisions"}],"predecessor-version":[{"id":11677,"href":"https:\/\/raktava.lt\/en\/wp-json\/wp\/v2\/product\/11672\/revisions\/11677"}],"wp:featuredmedia":[{"embeddable":true,"href":"https:\/\/raktava.lt\/en\/wp-json\/wp\/v2\/media\/11673"}],"wp:attachment":[{"href":"https:\/\/raktava.lt\/en\/wp-json\/wp\/v2\/media?parent=11672"}],"wp:term":[{"taxonomy":"product_brand","embeddable":true,"href":"https:\/\/raktava.lt\/en\/wp-json\/wp\/v2\/product_brand?post=11672"},{"taxonomy":"product_cat","embeddable":true,"href":"https:\/\/raktava.lt\/en\/wp-json\/wp\/v2\/product_cat?post=11672"},{"taxonomy":"product_tag","embeddable":true,"href":"https:\/\/raktava.lt\/en\/wp-json\/wp\/v2\/product_tag?post=11672"}],"curies":[{"name":"wp","href":"https:\/\/api.w.org\/{rel}","templated":true}]}}