{"id":11668,"date":"2024-06-04T10:08:00","date_gmt":"2024-06-04T07:08:00","guid":{"rendered":"https:\/\/raktava.lt\/?post_type=product&#038;p=11668"},"modified":"2024-09-23T15:42:44","modified_gmt":"2024-09-23T12:42:44","slug":"e-star-tipo-ilgu-galvuciu-komplektas-1-2-4vnt","status":"publish","type":"product","link":"https:\/\/raktava.lt\/en\/product\/rankiniai-irankiai\/galvutes-galvuciu-komplektai-laikikliai-galvutems\/1-2-galvutes-ir-ju-komplektai\/e-star-tipo-ilgu-galvuciu-komplektas-1-2-4vnt\/","title":{"rendered":"E-star tipo ilg\u0173 galvu\u010di\u0173 komplektas 1\/2 4vnt."},"content":{"rendered":"<p>E-star tipo ilg\u0173 galvu\u010di\u0173 komplektas 1\/2<\/p>\n","protected":false},"excerpt":{"rendered":"<p>E-star tipo ilg\u0173 galvu\u010di\u0173 komplektas 1\/2<\/p>\n<p>Komplekte yra E10, E12, E14, E16<\/p>\n","protected":false},"featured_media":11669,"comment_status":"open","ping_status":"closed","template":"","meta":[],"product_brand":[],"product_cat":[50],"product_tag":[164],"class_list":{"0":"post-11668","1":"product","2":"type-product","3":"status-publish","4":"has-post-thumbnail","6":"product_cat-1-2-galvutes-ir-ju-komplektai","7":"product_tag-kingroy","9":"first","10":"outofstock","11":"taxable","12":"shipping-taxable","13":"purchasable","14":"product-type-simple"},"_links":{"self":[{"href":"https:\/\/raktava.lt\/en\/wp-json\/wp\/v2\/product\/11668","targetHints":{"allow":["GET"]}}],"collection":[{"href":"https:\/\/raktava.lt\/en\/wp-json\/wp\/v2\/product"}],"about":[{"href":"https:\/\/raktava.lt\/en\/wp-json\/wp\/v2\/types\/product"}],"replies":[{"embeddable":true,"href":"https:\/\/raktava.lt\/en\/wp-json\/wp\/v2\/comments?post=11668"}],"version-history":[{"count":1,"href":"https:\/\/raktava.lt\/en\/wp-json\/wp\/v2\/product\/11668\/revisions"}],"predecessor-version":[{"id":11671,"href":"https:\/\/raktava.lt\/en\/wp-json\/wp\/v2\/product\/11668\/revisions\/11671"}],"wp:featuredmedia":[{"embeddable":true,"href":"https:\/\/raktava.lt\/en\/wp-json\/wp\/v2\/media\/11669"}],"wp:attachment":[{"href":"https:\/\/raktava.lt\/en\/wp-json\/wp\/v2\/media?parent=11668"}],"wp:term":[{"taxonomy":"product_brand","embeddable":true,"href":"https:\/\/raktava.lt\/en\/wp-json\/wp\/v2\/product_brand?post=11668"},{"taxonomy":"product_cat","embeddable":true,"href":"https:\/\/raktava.lt\/en\/wp-json\/wp\/v2\/product_cat?post=11668"},{"taxonomy":"product_tag","embeddable":true,"href":"https:\/\/raktava.lt\/en\/wp-json\/wp\/v2\/product_tag?post=11668"}],"curies":[{"name":"wp","href":"https:\/\/api.w.org\/{rel}","templated":true}]}}