{"id":11580,"date":"2024-05-30T13:08:15","date_gmt":"2024-05-30T10:08:15","guid":{"rendered":"https:\/\/raktava.lt\/?post_type=product&#038;p=11580"},"modified":"2025-02-26T10:59:52","modified_gmt":"2025-02-26T08:59:52","slug":"dyzeliniu-varikliu-bosch-delphi-denso-ipurskimo-sistemos-testeriai","status":"publish","type":"product","link":"https:\/\/raktava.lt\/en\/product\/automobiliu-remonto-irankiai\/diagnostika-testeriai-matuokliai\/dyzeliniu-varikliu-bosch-delphi-denso-ipurskimo-sistemos-testeriai\/","title":{"rendered":"Dyzelini\u0173 varikli\u0173 Bosch\/Delphi\/Denso \u012fpur\u0161kimo sistemos testeriai"},"content":{"rendered":"<p>Dyzelini\u0173 varikli\u0173 Bosch\/Delphi\/Denso \u012fpur\u0161kimo sistemos testeriai<\/p>\n","protected":false},"excerpt":{"rendered":"<p>1 vnt. Plastikini\u0173 indeli\u0173 laikiklis su kabliu<br \/>\n6 vnt. Plastikinis indelis 100 ml su kurui atsparia pajungimo \u017earna<br \/>\n6 vnt. Menz\u016br\u0117l\u0117 su greito pajungimo mova<br \/>\n6 vnt. Adapteris \u017ealvarinis BOSCH<br \/>\n6 vnt. Adapteris \u017ealvarinis SIEMENS<br \/>\n6 vnt. Adapteris \u017ealvarinis DENSO<br \/>\n6 vnt. Adapteris plastikinis DELPHI<\/p>\n","protected":false},"featured_media":11581,"comment_status":"open","ping_status":"closed","template":"","meta":[],"product_brand":[],"product_cat":[68],"product_tag":[],"class_list":{"0":"post-11580","1":"product","2":"type-product","3":"status-publish","4":"has-post-thumbnail","6":"product_cat-diagnostika-testeriai-matuokliai","8":"first","9":"outofstock","10":"taxable","11":"shipping-taxable","12":"purchasable","13":"product-type-simple"},"_links":{"self":[{"href":"https:\/\/raktava.lt\/en\/wp-json\/wp\/v2\/product\/11580","targetHints":{"allow":["GET"]}}],"collection":[{"href":"https:\/\/raktava.lt\/en\/wp-json\/wp\/v2\/product"}],"about":[{"href":"https:\/\/raktava.lt\/en\/wp-json\/wp\/v2\/types\/product"}],"replies":[{"embeddable":true,"href":"https:\/\/raktava.lt\/en\/wp-json\/wp\/v2\/comments?post=11580"}],"version-history":[{"count":1,"href":"https:\/\/raktava.lt\/en\/wp-json\/wp\/v2\/product\/11580\/revisions"}],"predecessor-version":[{"id":11587,"href":"https:\/\/raktava.lt\/en\/wp-json\/wp\/v2\/product\/11580\/revisions\/11587"}],"wp:featuredmedia":[{"embeddable":true,"href":"https:\/\/raktava.lt\/en\/wp-json\/wp\/v2\/media\/11581"}],"wp:attachment":[{"href":"https:\/\/raktava.lt\/en\/wp-json\/wp\/v2\/media?parent=11580"}],"wp:term":[{"taxonomy":"product_brand","embeddable":true,"href":"https:\/\/raktava.lt\/en\/wp-json\/wp\/v2\/product_brand?post=11580"},{"taxonomy":"product_cat","embeddable":true,"href":"https:\/\/raktava.lt\/en\/wp-json\/wp\/v2\/product_cat?post=11580"},{"taxonomy":"product_tag","embeddable":true,"href":"https:\/\/raktava.lt\/en\/wp-json\/wp\/v2\/product_tag?post=11580"}],"curies":[{"name":"wp","href":"https:\/\/api.w.org\/{rel}","templated":true}]}}