{"id":11570,"date":"2024-05-30T12:54:14","date_gmt":"2024-05-30T09:54:14","guid":{"rendered":"https:\/\/raktava.lt\/?post_type=product&#038;p=11570"},"modified":"2025-08-12T12:18:59","modified_gmt":"2025-08-12T09:18:59","slug":"dyzeliniu-purkstuku-lizdu-raiberiai-7vnt","status":"publish","type":"product","link":"https:\/\/raktava.lt\/en\/product\/automobiliu-remonto-irankiai\/variklio-remonto-irankiai\/irankiai-purkstukams\/dyzeliniu-purkstuku-lizdu-raiberiai-7vnt\/","title":{"rendered":"Dyzelini\u0173 purk\u0161tuk\u0173 lizd\u0173 raiberiai, 7vnt."},"content":{"rendered":"","protected":false},"excerpt":{"rendered":"<p>Dyzelini\u0173 purk\u0161tuk\u0173 lizd\u0173 raiberiai, 7vnt:<\/p>\n<p>1 x 15mm x 19mm flat reamer &#8211; for universal injectors \/ applications<br \/>\n1 x 17mm x 17mm flat reamer &#8211; for Delphi \/ Bosch injectors (BMW \/ PSA \/ Renault \/ Ford)<br \/>\n1 x 17mm x 19mm flat reamer &#8211; for Bosch injectors (Mercedes-Benz CDI)<br \/>\n1 x 17mm x 17mm angled reamer &#8211; for Mercedes Benz CDI<br \/>\n1 x 17mm x 21mm angled reamer &#8211; for Fiat \/ Iveco<br \/>\n1 x T handle for easy application<br \/>\n1 x pilot post<\/p>\n","protected":false},"featured_media":11571,"comment_status":"open","ping_status":"closed","template":"","meta":[],"product_brand":[560],"product_cat":[89],"product_tag":[870],"class_list":{"0":"post-11570","1":"product","2":"type-product","3":"status-publish","4":"has-post-thumbnail","6":"product_brand-essen-tools-germany","7":"product_cat-irankiai-purkstukams","8":"product_tag-dyzeliu-purkstuku-lizdu-raiberiai","10":"first","11":"outofstock","12":"taxable","13":"shipping-taxable","14":"purchasable","15":"product-type-simple"},"_links":{"self":[{"href":"https:\/\/raktava.lt\/en\/wp-json\/wp\/v2\/product\/11570","targetHints":{"allow":["GET"]}}],"collection":[{"href":"https:\/\/raktava.lt\/en\/wp-json\/wp\/v2\/product"}],"about":[{"href":"https:\/\/raktava.lt\/en\/wp-json\/wp\/v2\/types\/product"}],"replies":[{"embeddable":true,"href":"https:\/\/raktava.lt\/en\/wp-json\/wp\/v2\/comments?post=11570"}],"version-history":[{"count":1,"href":"https:\/\/raktava.lt\/en\/wp-json\/wp\/v2\/product\/11570\/revisions"}],"predecessor-version":[{"id":11579,"href":"https:\/\/raktava.lt\/en\/wp-json\/wp\/v2\/product\/11570\/revisions\/11579"}],"wp:featuredmedia":[{"embeddable":true,"href":"https:\/\/raktava.lt\/en\/wp-json\/wp\/v2\/media\/11571"}],"wp:attachment":[{"href":"https:\/\/raktava.lt\/en\/wp-json\/wp\/v2\/media?parent=11570"}],"wp:term":[{"taxonomy":"product_brand","embeddable":true,"href":"https:\/\/raktava.lt\/en\/wp-json\/wp\/v2\/product_brand?post=11570"},{"taxonomy":"product_cat","embeddable":true,"href":"https:\/\/raktava.lt\/en\/wp-json\/wp\/v2\/product_cat?post=11570"},{"taxonomy":"product_tag","embeddable":true,"href":"https:\/\/raktava.lt\/en\/wp-json\/wp\/v2\/product_tag?post=11570"}],"curies":[{"name":"wp","href":"https:\/\/api.w.org\/{rel}","templated":true}]}}