{"id":11501,"date":"2024-05-29T12:41:09","date_gmt":"2024-05-29T09:41:09","guid":{"rendered":"https:\/\/raktava.lt\/?post_type=product&#038;p=11501"},"modified":"2025-02-25T10:03:31","modified_gmt":"2025-02-25T08:03:31","slug":"variklio-blokavimo-komplektas-vag-vw-tdi-12-14-16-20-nuoma-telsiuose-37067769713","status":"publish","type":"product","link":"https:\/\/raktava.lt\/en\/product\/automobiliu-remonto-irankiai\/variklio-remonto-irankiai\/variklio-blokavimo-irankiai\/variklio-blokavimo-komplektas-vag-vw-tdi-12-14-16-20-nuoma-telsiuose-37067769713\/","title":{"rendered":"Variklio blokavimo komplektas VAG\/ VW TDI 1,2\/ 1,4\/ 1,6\/ 2,0 (NUOMA Tel\u0161iuose +37067769713)"},"content":{"rendered":"<p><strong><span style=\"vertical-align: inherit;\"><span style=\"vertical-align: inherit;\"><span style=\"vertical-align: inherit;\"><span style=\"vertical-align: inherit;\">XcessPerformance<\/span><\/span><\/span><\/span><\/strong><\/p>\n<p><strong><span style=\"vertical-align: inherit;\"><span style=\"vertical-align: inherit;\"><span style=\"vertical-align: inherit;\"><span style=\"vertical-align: inherit;\">Varikli\u0173 kodai:<\/span><\/span><\/span><\/span><\/strong><span style=\"vertical-align: inherit;\"><span style=\"vertical-align: inherit;\"><span style=\"vertical-align: inherit;\"><span style=\"vertical-align: inherit;\"> \u00a0CAAA, CAAB, CAAC, CAGA, CAGB, CAGC, CAHA, CAHB, CAYA, CAYB, CAYC, CBAA, CBAB, CBAC, CBBA, CBBB, CBDA, CBDB, CBDC, CCHA, CEGA, CFFB, CFGC, CFHC , CFHF, CFJA, CFWA, CGLA, CGLB, CGLC, CJAA, CJCA, CJCB, CKFB, CKFC, CLHA, CLHB, CNHA, CNHC, CRBC, CRBD, CRFA, CRKA, CRKB, CRLB, CRLC, CRMB,, CSUA, CSUB, CSUD, CSUE, CUAA, CUNA, CUPA, CUSA, CUSB, CUTA, CUUA, CUUB, CUVA, CUVC, CUVD, CUWA, CXMA, CXXA, CXXB, CYKA, CZDA, CZDCXA, DBKA, DEAUDDAA, , , DEUB, DFLA, DFLD, DFMA, DFSA, DFSB<\/span><\/span><\/span><\/span><\/p>\n<p><strong><span style=\"vertical-align: inherit;\"><span style=\"vertical-align: inherit;\"><span style=\"vertical-align: inherit;\"><span style=\"vertical-align: inherit;\">Volkswagen OEM kodai:<\/span><\/span><\/span><\/span><\/strong><span style=\"vertical-align: inherit;\"><span style=\"vertical-align: inherit;\"><span style=\"vertical-align: inherit;\"><span style=\"vertical-align: inherit;\"> \u00a03359, T10100, T10050, T10264, T10265, T10051, T40098, T10255, T10052, T10490, T10492<\/span><\/span><\/span><\/span><\/p>\n<ul>\n<li><span style=\"vertical-align: inherit;\"><span style=\"vertical-align: inherit;\"><span style=\"vertical-align: inherit;\"><span style=\"vertical-align: inherit;\">1,2, 1,4, 1,6 ir 2,0 l TDI Common-Rail varikliams<\/span><\/span><\/span><\/span><\/li>\n<li><span style=\"vertical-align: inherit;\"><span style=\"vertical-align: inherit;\"><span style=\"vertical-align: inherit;\"><span style=\"vertical-align: inherit;\">taip pat naujiems varikliams, gaminamiems nuo 2013 m<\/span><\/span><\/span><\/span><\/li>\n<li><span style=\"vertical-align: inherit;\"><span style=\"vertical-align: inherit;\"><span style=\"vertical-align: inherit;\"><span style=\"vertical-align: inherit;\">VW Golf V\/VI\/VII\/Plus, Polo V, Jetta V\/VI, Caddy II, Beetle II, Passat B6\/B7\/B8\/CC, Scirocco III, Eos, Touran II, Tiguan, Sharan II, T5, T6 ir Amarockas<\/span><\/span><\/span><\/span><\/li>\n<li><span style=\"vertical-align: inherit;\"><span style=\"vertical-align: inherit;\"><span style=\"vertical-align: inherit;\"><span style=\"vertical-align: inherit;\">Audi A1, A3 (8P\/8V), A4 (B8\/8K), A5 (8T\/F), A6 (C6\/C7\/4G), TT (8J), Q3 ir Q5<\/span><\/span><\/span><\/span><\/li>\n<li><span style=\"vertical-align: inherit;\"><span style=\"vertical-align: inherit;\"><span style=\"vertical-align: inherit;\"><span style=\"vertical-align: inherit;\">Skoda Fabia II\/III, Roomster, Praktik, Octavia II\/III, Superb II\/III, Yeti I\/II ir Kodiaq<\/span><\/span><\/span><\/span><\/li>\n<li><span style=\"vertical-align: inherit;\"><span style=\"vertical-align: inherit;\"><span style=\"vertical-align: inherit;\"><span style=\"vertical-align: inherit;\">Seat Ibiza (6J), Leon III, Exeo, Altea ir Alhambra II<\/span><\/span><\/span><\/span><\/li>\n<li><span style=\"vertical-align: inherit;\"><span style=\"vertical-align: inherit;\"><span style=\"vertical-align: inherit;\"><span style=\"vertical-align: inherit;\">Skirstom\u0173j\u0173 velen\u0173, balansavimo ir alk\u016bninio veleno fiksavimui<\/span><\/span><\/span><\/span><\/li>\n<li><span style=\"vertical-align: inherit;\"><span style=\"vertical-align: inherit;\"><span style=\"vertical-align: inherit;\"><span style=\"vertical-align: inherit;\">skirstomojo veleno \u017evaig\u017edu\u010di\u0173 nu\u0117mimui ir surinkimui<\/span><\/span><\/span><\/span><\/li>\n<li><span style=\"vertical-align: inherit;\"><span style=\"vertical-align: inherit;\"><span style=\"vertical-align: inherit;\"><span style=\"vertical-align: inherit;\">paskirstymo dir\u017eo keitimui ar variklio remontui<\/span><\/span><\/span><\/span><\/li>\n<\/ul>\n","protected":false},"excerpt":{"rendered":"<p><span style=\"vertical-align: inherit;\"><span style=\"vertical-align: inherit;\"><span style=\"vertical-align: inherit;\"><span style=\"vertical-align: inherit;\">Variklio blokavimo komplektas VAG\/VW TDI 1,2\/1,4\/1,6\/2,0<\/span><\/span><\/span><\/span><\/p>\n<p><span style=\"color: #ffffff;\"><strong><a style=\"color: #ffffff;\" href=\"https:\/\/raktava.lt\/wp-admin\/post.php?post=11501&amp;action=edit&amp;lang=lt\">(NUOMA Tel\u0161iuose +37067769713)<\/a><\/strong><\/span><\/p>\n","protected":false},"featured_media":11502,"comment_status":"open","ping_status":"closed","template":"","meta":[],"product_brand":[],"product_cat":[95],"product_tag":[76],"class_list":{"0":"post-11501","1":"product","2":"type-product","3":"status-publish","4":"has-post-thumbnail","6":"product_cat-variklio-blokavimo-irankiai","7":"product_tag-condor-werkzeug-vokietija","9":"first","10":"onbackorder","11":"taxable","12":"shipping-taxable","13":"product-type-simple"},"_links":{"self":[{"href":"https:\/\/raktava.lt\/en\/wp-json\/wp\/v2\/product\/11501","targetHints":{"allow":["GET"]}}],"collection":[{"href":"https:\/\/raktava.lt\/en\/wp-json\/wp\/v2\/product"}],"about":[{"href":"https:\/\/raktava.lt\/en\/wp-json\/wp\/v2\/types\/product"}],"replies":[{"embeddable":true,"href":"https:\/\/raktava.lt\/en\/wp-json\/wp\/v2\/comments?post=11501"}],"version-history":[{"count":3,"href":"https:\/\/raktava.lt\/en\/wp-json\/wp\/v2\/product\/11501\/revisions"}],"predecessor-version":[{"id":11536,"href":"https:\/\/raktava.lt\/en\/wp-json\/wp\/v2\/product\/11501\/revisions\/11536"}],"wp:featuredmedia":[{"embeddable":true,"href":"https:\/\/raktava.lt\/en\/wp-json\/wp\/v2\/media\/11502"}],"wp:attachment":[{"href":"https:\/\/raktava.lt\/en\/wp-json\/wp\/v2\/media?parent=11501"}],"wp:term":[{"taxonomy":"product_brand","embeddable":true,"href":"https:\/\/raktava.lt\/en\/wp-json\/wp\/v2\/product_brand?post=11501"},{"taxonomy":"product_cat","embeddable":true,"href":"https:\/\/raktava.lt\/en\/wp-json\/wp\/v2\/product_cat?post=11501"},{"taxonomy":"product_tag","embeddable":true,"href":"https:\/\/raktava.lt\/en\/wp-json\/wp\/v2\/product_tag?post=11501"}],"curies":[{"name":"wp","href":"https:\/\/api.w.org\/{rel}","templated":true}]}}