{"id":11412,"date":"2024-05-17T13:43:08","date_gmt":"2024-05-17T10:43:08","guid":{"rendered":"https:\/\/raktava.lt\/?post_type=product&#038;p=11412"},"modified":"2025-09-10T13:59:31","modified_gmt":"2025-09-10T10:59:31","slug":"reples-ziedams-spaudziancios-lenktos-180mm","status":"publish","type":"product","link":"https:\/\/raktava.lt\/en\/product\/rankiniai-irankiai\/reples-repliu-komplektai-zirkles-skardai-specializuotos-reples\/reples-ziedams\/reples-ziedams-spaudziancios-lenktos-180mm\/","title":{"rendered":"Repl\u0117s \u017eiedams spaud\u017eian\u010dios lenktos 180mm"},"content":{"rendered":"<p><span style=\"vertical-align: inherit;\"><span style=\"vertical-align: inherit;\"><span style=\"vertical-align: inherit;\"><span style=\"vertical-align: inherit;\">Repl\u0117s \u017eiedams spaud\u017eian\u010dios lenktos 180mm<\/span><\/span><\/span><\/span><\/p>\n","protected":false},"excerpt":{"rendered":"<p><span style=\"vertical-align: inherit;\"><span style=\"vertical-align: inherit;\"><span style=\"vertical-align: inherit;\"><span style=\"vertical-align: inherit;\">Dydis: 180mm<\/span><\/span><\/span><\/span><\/p>\n","protected":false},"featured_media":11413,"comment_status":"open","ping_status":"closed","template":"","meta":[],"product_brand":[563],"product_cat":[126],"product_tag":[1210,623,932,624],"class_list":{"0":"post-11412","1":"product","2":"type-product","3":"status-publish","4":"has-post-thumbnail","6":"product_brand-yato","7":"product_cat-reples-ziedams","8":"product_tag-180mm","9":"product_tag-reples","10":"product_tag-reples-spaudziancios","11":"product_tag-reples-ziedams","13":"first","14":"instock","15":"taxable","16":"shipping-taxable","17":"purchasable","18":"product-type-simple"},"_links":{"self":[{"href":"https:\/\/raktava.lt\/en\/wp-json\/wp\/v2\/product\/11412","targetHints":{"allow":["GET"]}}],"collection":[{"href":"https:\/\/raktava.lt\/en\/wp-json\/wp\/v2\/product"}],"about":[{"href":"https:\/\/raktava.lt\/en\/wp-json\/wp\/v2\/types\/product"}],"replies":[{"embeddable":true,"href":"https:\/\/raktava.lt\/en\/wp-json\/wp\/v2\/comments?post=11412"}],"version-history":[{"count":4,"href":"https:\/\/raktava.lt\/en\/wp-json\/wp\/v2\/product\/11412\/revisions"}],"predecessor-version":[{"id":14231,"href":"https:\/\/raktava.lt\/en\/wp-json\/wp\/v2\/product\/11412\/revisions\/14231"}],"wp:featuredmedia":[{"embeddable":true,"href":"https:\/\/raktava.lt\/en\/wp-json\/wp\/v2\/media\/11413"}],"wp:attachment":[{"href":"https:\/\/raktava.lt\/en\/wp-json\/wp\/v2\/media?parent=11412"}],"wp:term":[{"taxonomy":"product_brand","embeddable":true,"href":"https:\/\/raktava.lt\/en\/wp-json\/wp\/v2\/product_brand?post=11412"},{"taxonomy":"product_cat","embeddable":true,"href":"https:\/\/raktava.lt\/en\/wp-json\/wp\/v2\/product_cat?post=11412"},{"taxonomy":"product_tag","embeddable":true,"href":"https:\/\/raktava.lt\/en\/wp-json\/wp\/v2\/product_tag?post=11412"}],"curies":[{"name":"wp","href":"https:\/\/api.w.org\/{rel}","templated":true}]}}