{"id":11387,"date":"2024-05-16T14:43:52","date_gmt":"2024-05-16T11:43:52","guid":{"rendered":"https:\/\/raktava.lt\/?post_type=product&#038;p=11387"},"modified":"2025-12-31T13:21:55","modified_gmt":"2025-12-31T11:21:55","slug":"smuginiu-antgaliu-rinkinys-1-2-spline-m5-m18","status":"publish","type":"product","link":"https:\/\/raktava.lt\/en\/product\/rankiniai-irankiai\/antgaliai-antgaliu-komplektai-ipresuoti-antgaliai\/1-2-smuginiai-antgaliai-ir-rinkiniai\/smuginiu-antgaliu-rinkinys-1-2-spline-m5-m18\/","title":{"rendered":"Sm\u016bgini\u0173 antgali\u0173 rinkinys, 1\/2&#8243; Spline M5-M18"},"content":{"rendered":"<p><span style=\"color: #ffffff;\">Sm\u016bgini\u0173 antgali\u0173 rinkinys, 1\/2&#8243; Spline M5-M18<\/span><\/p>\n","protected":false},"excerpt":{"rendered":"<p>Sm\u016bgini\u0173 antgali\u0173 rinkinys, 1\/2&#8243; Spline M5-M18<\/p>\n<p>Antgali\u0173 dyd\u017eiai:<\/p>\n<p>M5, M6, M8, M10, M12, M14, M16, M18<\/p>\n","protected":false},"featured_media":11388,"comment_status":"open","ping_status":"closed","template":"","meta":[],"product_brand":[563],"product_cat":[56],"product_tag":[591,1689,1688,1144,1690],"class_list":{"0":"post-11387","1":"product","2":"type-product","3":"status-publish","4":"has-post-thumbnail","6":"product_brand-yato","7":"product_cat-1-2-smuginiai-antgaliai-ir-rinkiniai","8":"product_tag-1-2","9":"product_tag-m5-m18","10":"product_tag-smuginiu-antgaliu-komplektas","11":"product_tag-spline","12":"product_tag-yt-1069","14":"first","15":"instock","16":"taxable","17":"shipping-taxable","18":"purchasable","19":"product-type-simple"},"_links":{"self":[{"href":"https:\/\/raktava.lt\/en\/wp-json\/wp\/v2\/product\/11387","targetHints":{"allow":["GET"]}}],"collection":[{"href":"https:\/\/raktava.lt\/en\/wp-json\/wp\/v2\/product"}],"about":[{"href":"https:\/\/raktava.lt\/en\/wp-json\/wp\/v2\/types\/product"}],"replies":[{"embeddable":true,"href":"https:\/\/raktava.lt\/en\/wp-json\/wp\/v2\/comments?post=11387"}],"version-history":[{"count":2,"href":"https:\/\/raktava.lt\/en\/wp-json\/wp\/v2\/product\/11387\/revisions"}],"predecessor-version":[{"id":11755,"href":"https:\/\/raktava.lt\/en\/wp-json\/wp\/v2\/product\/11387\/revisions\/11755"}],"wp:featuredmedia":[{"embeddable":true,"href":"https:\/\/raktava.lt\/en\/wp-json\/wp\/v2\/media\/11388"}],"wp:attachment":[{"href":"https:\/\/raktava.lt\/en\/wp-json\/wp\/v2\/media?parent=11387"}],"wp:term":[{"taxonomy":"product_brand","embeddable":true,"href":"https:\/\/raktava.lt\/en\/wp-json\/wp\/v2\/product_brand?post=11387"},{"taxonomy":"product_cat","embeddable":true,"href":"https:\/\/raktava.lt\/en\/wp-json\/wp\/v2\/product_cat?post=11387"},{"taxonomy":"product_tag","embeddable":true,"href":"https:\/\/raktava.lt\/en\/wp-json\/wp\/v2\/product_tag?post=11387"}],"curies":[{"name":"wp","href":"https:\/\/api.w.org\/{rel}","templated":true}]}}