{"id":11377,"date":"2024-05-16T14:36:36","date_gmt":"2024-05-16T11:36:36","guid":{"rendered":"https:\/\/raktava.lt\/?post_type=product&#038;p=11377"},"modified":"2024-09-23T15:50:01","modified_gmt":"2024-09-23T12:50:01","slug":"smuginiu-antgaliu-rinkinys-ribe-1-2-rm5-rm13","status":"publish","type":"product","link":"https:\/\/raktava.lt\/en\/product\/rankiniai-irankiai\/antgaliai-antgaliu-komplektai-ipresuoti-antgaliai\/1-2-smuginiai-antgaliai-ir-rinkiniai\/smuginiu-antgaliu-rinkinys-ribe-1-2-rm5-rm13\/","title":{"rendered":"Sm\u016bgini\u0173 antgali\u0173 rinkinys RIBE 1\/2&#8243; RM5 &#8211; RM13"},"content":{"rendered":"","protected":false},"excerpt":{"rendered":"<p><span style=\"vertical-align: inherit;\"><span style=\"vertical-align: inherit;\">Antgali\u0173 dyd\u017eiai:<\/span><\/span><\/p>\n<p><span style=\"vertical-align: inherit;\"><span style=\"vertical-align: inherit;\">RM5, RM6, RM7, RM8, RM10, RM11, RM12, RM13<\/span><\/span><\/p>\n<p><span style=\"color: #ffffff;\">Sm\u016bgini\u0173 antgali\u0173 rinkinys RIBE 1\/2&#8243; RM5 &#8211; RM13<\/span><\/p>\n","protected":false},"featured_media":11380,"comment_status":"open","ping_status":"closed","template":"","meta":[],"product_brand":[],"product_cat":[56],"product_tag":[165],"class_list":{"0":"post-11377","1":"product","2":"type-product","3":"status-publish","4":"has-post-thumbnail","6":"product_cat-1-2-smuginiai-antgaliai-ir-rinkiniai","7":"product_tag-yato","9":"first","10":"instock","11":"taxable","12":"shipping-taxable","13":"purchasable","14":"product-type-simple"},"_links":{"self":[{"href":"https:\/\/raktava.lt\/en\/wp-json\/wp\/v2\/product\/11377","targetHints":{"allow":["GET"]}}],"collection":[{"href":"https:\/\/raktava.lt\/en\/wp-json\/wp\/v2\/product"}],"about":[{"href":"https:\/\/raktava.lt\/en\/wp-json\/wp\/v2\/types\/product"}],"replies":[{"embeddable":true,"href":"https:\/\/raktava.lt\/en\/wp-json\/wp\/v2\/comments?post=11377"}],"version-history":[{"count":2,"href":"https:\/\/raktava.lt\/en\/wp-json\/wp\/v2\/product\/11377\/revisions"}],"predecessor-version":[{"id":11756,"href":"https:\/\/raktava.lt\/en\/wp-json\/wp\/v2\/product\/11377\/revisions\/11756"}],"wp:featuredmedia":[{"embeddable":true,"href":"https:\/\/raktava.lt\/en\/wp-json\/wp\/v2\/media\/11380"}],"wp:attachment":[{"href":"https:\/\/raktava.lt\/en\/wp-json\/wp\/v2\/media?parent=11377"}],"wp:term":[{"taxonomy":"product_brand","embeddable":true,"href":"https:\/\/raktava.lt\/en\/wp-json\/wp\/v2\/product_brand?post=11377"},{"taxonomy":"product_cat","embeddable":true,"href":"https:\/\/raktava.lt\/en\/wp-json\/wp\/v2\/product_cat?post=11377"},{"taxonomy":"product_tag","embeddable":true,"href":"https:\/\/raktava.lt\/en\/wp-json\/wp\/v2\/product_tag?post=11377"}],"curies":[{"name":"wp","href":"https:\/\/api.w.org\/{rel}","templated":true}]}}