{"id":11365,"date":"2024-05-16T11:23:45","date_gmt":"2024-05-16T08:23:45","guid":{"rendered":"https:\/\/raktava.lt\/?post_type=product&#038;p=11365"},"modified":"2026-03-24T16:16:35","modified_gmt":"2026-03-24T14:16:35","slug":"smuginiai-antgaliai-sesiakampiai-5-19-mm","status":"publish","type":"product","link":"https:\/\/raktava.lt\/en\/product\/rankiniai-irankiai\/antgaliai-antgaliu-komplektai-ipresuoti-antgaliai\/1-2-smuginiai-antgaliai-ir-rinkiniai\/smuginiai-antgaliai-sesiakampiai-5-19-mm\/","title":{"rendered":"Sm\u016bginiai antgaliai, \u0161e\u0161iakampiai 5-19 mm"},"content":{"rendered":"","protected":false},"excerpt":{"rendered":"<p><span style=\"vertical-align: inherit;\"><span style=\"vertical-align: inherit;\">Sm\u016bgin\u0117s vidin\u0117s galvut\u0117s HEX (\u0161e\u0161iakamp\u0117s) 1\/2 5-19 mm<\/span><\/span><\/p>\n<p>Dyd\u017eiai: 5, 6, 8, 10, 12, 14, 17, 19 mm<\/p>\n<p><span style=\"color: #ffffff;\">Sm\u016bginiai antgaliai, \u0161e\u0161iakampiai 5-19 mm<\/span><\/p>\n","protected":false},"featured_media":11366,"comment_status":"open","ping_status":"closed","template":"","meta":[],"product_brand":[563],"product_cat":[56],"product_tag":[591,1684,2089,757,2088,2090],"class_list":{"0":"post-11365","1":"product","2":"type-product","3":"status-publish","4":"has-post-thumbnail","6":"product_brand-yato","7":"product_cat-1-2-smuginiai-antgaliai-ir-rinkiniai","8":"product_tag-1-2","9":"product_tag-antgaliai-smuginiai","10":"product_tag-galvutes-vidines","11":"product_tag-hex","12":"product_tag-smuginiai-antgaliai","13":"product_tag-yt-1066","15":"first","16":"outofstock","17":"taxable","18":"shipping-taxable","19":"purchasable","20":"product-type-simple"},"_links":{"self":[{"href":"https:\/\/raktava.lt\/en\/wp-json\/wp\/v2\/product\/11365","targetHints":{"allow":["GET"]}}],"collection":[{"href":"https:\/\/raktava.lt\/en\/wp-json\/wp\/v2\/product"}],"about":[{"href":"https:\/\/raktava.lt\/en\/wp-json\/wp\/v2\/types\/product"}],"replies":[{"embeddable":true,"href":"https:\/\/raktava.lt\/en\/wp-json\/wp\/v2\/comments?post=11365"}],"version-history":[{"count":4,"href":"https:\/\/raktava.lt\/en\/wp-json\/wp\/v2\/product\/11365\/revisions"}],"predecessor-version":[{"id":11757,"href":"https:\/\/raktava.lt\/en\/wp-json\/wp\/v2\/product\/11365\/revisions\/11757"}],"wp:featuredmedia":[{"embeddable":true,"href":"https:\/\/raktava.lt\/en\/wp-json\/wp\/v2\/media\/11366"}],"wp:attachment":[{"href":"https:\/\/raktava.lt\/en\/wp-json\/wp\/v2\/media?parent=11365"}],"wp:term":[{"taxonomy":"product_brand","embeddable":true,"href":"https:\/\/raktava.lt\/en\/wp-json\/wp\/v2\/product_brand?post=11365"},{"taxonomy":"product_cat","embeddable":true,"href":"https:\/\/raktava.lt\/en\/wp-json\/wp\/v2\/product_cat?post=11365"},{"taxonomy":"product_tag","embeddable":true,"href":"https:\/\/raktava.lt\/en\/wp-json\/wp\/v2\/product_tag?post=11365"}],"curies":[{"name":"wp","href":"https:\/\/api.w.org\/{rel}","templated":true}]}}