{"id":11359,"date":"2024-05-16T11:13:29","date_gmt":"2024-05-16T08:13:29","guid":{"rendered":"https:\/\/raktava.lt\/?post_type=product&#038;p=11359"},"modified":"2024-09-23T15:53:44","modified_gmt":"2024-09-23T12:53:44","slug":"antgalis-ipresuotas-i-galvute-140mm-%c2%bd-h11","status":"publish","type":"product","link":"https:\/\/raktava.lt\/en\/product\/rankiniai-irankiai\/antgaliai-antgaliu-komplektai-ipresuoti-antgaliai\/antgaliai-ipresuoti-i-galvute-1-2\/antgalis-ipresuotas-i-galvute-140mm-%c2%bd-h11\/","title":{"rendered":"Antgalis \u012fpresuotas \u012f galvut\u0119 140mm \u00bd H11"},"content":{"rendered":"<p>Vidinis kvadratas: 1\/2<\/p>\n<p>Antgalio dydis: H11<\/p>\n<p>Antgalio ilgis: 140mm<\/p>\n","protected":false},"excerpt":{"rendered":"<table width=\"678\">\n<tbody>\n<tr>\n<td width=\"314\">Antgalis \u012fpresuotas \u012f galvut\u0119 140mm \u00bd H11<\/td>\n<\/tr>\n<\/tbody>\n<\/table>\n","protected":false},"featured_media":11360,"comment_status":"open","ping_status":"closed","template":"","meta":[],"product_brand":[],"product_cat":[88],"product_tag":[150],"class_list":{"0":"post-11359","1":"product","2":"type-product","3":"status-publish","4":"has-post-thumbnail","6":"product_cat-antgaliai-ipresuoti-i-galvute-1-2","7":"product_tag-bgs-vokietija","9":"first","10":"instock","11":"taxable","12":"shipping-taxable","13":"purchasable","14":"product-type-simple"},"_links":{"self":[{"href":"https:\/\/raktava.lt\/en\/wp-json\/wp\/v2\/product\/11359","targetHints":{"allow":["GET"]}}],"collection":[{"href":"https:\/\/raktava.lt\/en\/wp-json\/wp\/v2\/product"}],"about":[{"href":"https:\/\/raktava.lt\/en\/wp-json\/wp\/v2\/types\/product"}],"replies":[{"embeddable":true,"href":"https:\/\/raktava.lt\/en\/wp-json\/wp\/v2\/comments?post=11359"}],"version-history":[{"count":1,"href":"https:\/\/raktava.lt\/en\/wp-json\/wp\/v2\/product\/11359\/revisions"}],"predecessor-version":[{"id":11364,"href":"https:\/\/raktava.lt\/en\/wp-json\/wp\/v2\/product\/11359\/revisions\/11364"}],"wp:featuredmedia":[{"embeddable":true,"href":"https:\/\/raktava.lt\/en\/wp-json\/wp\/v2\/media\/11360"}],"wp:attachment":[{"href":"https:\/\/raktava.lt\/en\/wp-json\/wp\/v2\/media?parent=11359"}],"wp:term":[{"taxonomy":"product_brand","embeddable":true,"href":"https:\/\/raktava.lt\/en\/wp-json\/wp\/v2\/product_brand?post=11359"},{"taxonomy":"product_cat","embeddable":true,"href":"https:\/\/raktava.lt\/en\/wp-json\/wp\/v2\/product_cat?post=11359"},{"taxonomy":"product_tag","embeddable":true,"href":"https:\/\/raktava.lt\/en\/wp-json\/wp\/v2\/product_tag?post=11359"}],"curies":[{"name":"wp","href":"https:\/\/api.w.org\/{rel}","templated":true}]}}