{"id":11337,"date":"2024-05-14T14:41:52","date_gmt":"2024-05-14T11:41:52","guid":{"rendered":"https:\/\/raktava.lt\/?post_type=product&#038;p=11337"},"modified":"2025-02-24T15:49:17","modified_gmt":"2025-02-24T13:49:17","slug":"magnetiniu-laikikliu-rinkinys-4vnt-45-90-135","status":"publish","type":"product","link":"https:\/\/raktava.lt\/en\/product\/suvirinimo-irankiai\/magnetiniu-laikikliu-rinkinys-4vnt-45-90-135\/","title":{"rendered":"Magnetini\u0173 laikikli\u0173 rinkinys 4vnt.  45\u00b0 &#8211; 90\u00b0 &#8211; 135\u00b0"},"content":{"rendered":"<p>Keturi\u0173 mini magnetini\u0173 suvirinimo kamp\u0173 rinkinys.<\/p>\n<p>Milteliniu b\u016bdu padengtas pavir\u0161ius.<\/p>\n<p>Skirtas laikinam metalini\u0173 element\u0173 sujungimui suvirinimo, gr\u0119\u017eimo, lakavimo metu.<\/p>\n","protected":false},"excerpt":{"rendered":"<p>Magnetini\u0173 laikikli\u0173 rinkinys 4vnt. 45\u00b0 &#8211; 90\u00b0 &#8211; 135\u00b0<\/p>\n<p>laikymo j\u0117ga: 4,5 kg<\/p>\n<p>naudoti 45\u00b0, 90\u00b0 ir 135\u00b0 kampu<\/p>\n<p>matmenys: 43 x 72 x 12 mm<\/p>\n","protected":false},"featured_media":11342,"comment_status":"open","ping_status":"closed","template":"","meta":[],"product_brand":[],"product_cat":[33],"product_tag":[115],"class_list":{"0":"post-11337","1":"product","2":"type-product","3":"status-publish","4":"has-post-thumbnail","6":"product_cat-suvirinimo-irankiai","7":"product_tag-yato-lenkija","9":"first","10":"instock","11":"taxable","12":"shipping-taxable","13":"purchasable","14":"product-type-simple"},"_links":{"self":[{"href":"https:\/\/raktava.lt\/en\/wp-json\/wp\/v2\/product\/11337","targetHints":{"allow":["GET"]}}],"collection":[{"href":"https:\/\/raktava.lt\/en\/wp-json\/wp\/v2\/product"}],"about":[{"href":"https:\/\/raktava.lt\/en\/wp-json\/wp\/v2\/types\/product"}],"replies":[{"embeddable":true,"href":"https:\/\/raktava.lt\/en\/wp-json\/wp\/v2\/comments?post=11337"}],"version-history":[{"count":4,"href":"https:\/\/raktava.lt\/en\/wp-json\/wp\/v2\/product\/11337\/revisions"}],"predecessor-version":[{"id":16265,"href":"https:\/\/raktava.lt\/en\/wp-json\/wp\/v2\/product\/11337\/revisions\/16265"}],"wp:featuredmedia":[{"embeddable":true,"href":"https:\/\/raktava.lt\/en\/wp-json\/wp\/v2\/media\/11342"}],"wp:attachment":[{"href":"https:\/\/raktava.lt\/en\/wp-json\/wp\/v2\/media?parent=11337"}],"wp:term":[{"taxonomy":"product_brand","embeddable":true,"href":"https:\/\/raktava.lt\/en\/wp-json\/wp\/v2\/product_brand?post=11337"},{"taxonomy":"product_cat","embeddable":true,"href":"https:\/\/raktava.lt\/en\/wp-json\/wp\/v2\/product_cat?post=11337"},{"taxonomy":"product_tag","embeddable":true,"href":"https:\/\/raktava.lt\/en\/wp-json\/wp\/v2\/product_tag?post=11337"}],"curies":[{"name":"wp","href":"https:\/\/api.w.org\/{rel}","templated":true}]}}