{"id":11308,"date":"2024-05-14T11:40:31","date_gmt":"2024-05-14T08:40:31","guid":{"rendered":"https:\/\/raktava.lt\/?post_type=product&#038;p=11308"},"modified":"2026-02-25T15:25:33","modified_gmt":"2026-02-25T13:25:33","slug":"antgalis-ipresuotas-i-galvute-%c2%bd-100mm-h19-hex-sesiakampis","status":"publish","type":"product","link":"https:\/\/raktava.lt\/en\/product\/rankiniai-irankiai\/antgaliai-antgaliu-komplektai-ipresuoti-antgaliai\/antgaliai-ipresuoti-i-galvute-1-2\/antgalis-ipresuotas-i-galvute-%c2%bd-100mm-h19-hex-sesiakampis\/","title":{"rendered":"Antgalis \u012fpresuotas \u012f galvut\u0119 \u00bd 100mm H6"},"content":{"rendered":"<p>Antgalis \u012fpresuota galvut\u0117 1\/2 H6 x 100mm\u00a0 <span style=\"color: white;\">(5052-16)<\/span><\/p>\n<p>Antgalio dydis: H6<\/p>\n<p>Ilgis 100 mm<\/p>\n<p>Vidinis kvadratas: 1\/2&#8243;<\/p>\n","protected":false},"excerpt":{"rendered":"<p>Antgalis \u012fpresuotas \u012f galvut\u0119 \u00bd 100mm H6<\/p>\n","protected":false},"featured_media":11309,"comment_status":"open","ping_status":"closed","template":"","meta":[],"product_brand":[723],"product_cat":[88],"product_tag":[591,636,822,1479,1398],"class_list":{"0":"post-11308","1":"product","2":"type-product","3":"status-publish","4":"has-post-thumbnail","6":"product_brand-bgs","7":"product_cat-antgaliai-ipresuoti-i-galvute-1-2","8":"product_tag-1-2","9":"product_tag-antgalis","10":"product_tag-antgalis-ipresuotas","11":"product_tag-antgalis-ipresuotas-i-galvute","12":"product_tag-h19","14":"first","15":"instock","16":"taxable","17":"shipping-taxable","18":"purchasable","19":"product-type-simple"},"_links":{"self":[{"href":"https:\/\/raktava.lt\/en\/wp-json\/wp\/v2\/product\/11308","targetHints":{"allow":["GET"]}}],"collection":[{"href":"https:\/\/raktava.lt\/en\/wp-json\/wp\/v2\/product"}],"about":[{"href":"https:\/\/raktava.lt\/en\/wp-json\/wp\/v2\/types\/product"}],"replies":[{"embeddable":true,"href":"https:\/\/raktava.lt\/en\/wp-json\/wp\/v2\/comments?post=11308"}],"version-history":[{"count":3,"href":"https:\/\/raktava.lt\/en\/wp-json\/wp\/v2\/product\/11308\/revisions"}],"predecessor-version":[{"id":15847,"href":"https:\/\/raktava.lt\/en\/wp-json\/wp\/v2\/product\/11308\/revisions\/15847"}],"wp:featuredmedia":[{"embeddable":true,"href":"https:\/\/raktava.lt\/en\/wp-json\/wp\/v2\/media\/11309"}],"wp:attachment":[{"href":"https:\/\/raktava.lt\/en\/wp-json\/wp\/v2\/media?parent=11308"}],"wp:term":[{"taxonomy":"product_brand","embeddable":true,"href":"https:\/\/raktava.lt\/en\/wp-json\/wp\/v2\/product_brand?post=11308"},{"taxonomy":"product_cat","embeddable":true,"href":"https:\/\/raktava.lt\/en\/wp-json\/wp\/v2\/product_cat?post=11308"},{"taxonomy":"product_tag","embeddable":true,"href":"https:\/\/raktava.lt\/en\/wp-json\/wp\/v2\/product_tag?post=11308"}],"curies":[{"name":"wp","href":"https:\/\/api.w.org\/{rel}","templated":true}]}}