{"id":11306,"date":"2024-05-14T11:29:57","date_gmt":"2024-05-14T08:29:57","guid":{"rendered":"https:\/\/raktava.lt\/?post_type=product&#038;p=11306"},"modified":"2026-02-25T15:09:28","modified_gmt":"2026-02-25T13:09:28","slug":"antgalis-ipresuotas-i-galvute-%c2%bd-70mm-h19-hex-sesiakampis","status":"publish","type":"product","link":"https:\/\/raktava.lt\/en\/product\/rankiniai-irankiai\/antgaliai-antgaliu-komplektai-ipresuoti-antgaliai\/antgaliai-ipresuoti-i-galvute-1-2\/antgalis-ipresuotas-i-galvute-%c2%bd-70mm-h19-hex-sesiakampis\/","title":{"rendered":"Antgalis \u012fpresuotas \u012f galvut\u0119 \u00bd 70mm H19 (hex \u0161e\u0161iakampis)"},"content":{"rendered":"<p>Antgalis \u012fpresuota galvut\u0117 1\/2 H19 x 70mm\u00a0 <span style=\"color: white;\">(5052-16)<\/span><\/p>\n<p>Antgalio dydis: H19<\/p>\n<p>Ilgis 70 mm<\/p>\n<p>Vidinis kvadratas: 1\/2&#8243;<\/p>\n<hr \/>\n<p>&nbsp;<\/p>\n","protected":false},"excerpt":{"rendered":"<p>Antgalis \u012fpresuotas \u012f galvut\u0119 \u00bd 70mm H19 (hex \u0161e\u0161iakampis)<\/p>\n","protected":false},"featured_media":11292,"comment_status":"open","ping_status":"closed","template":"","meta":[],"product_brand":[571],"product_cat":[88],"product_tag":[591,1399,1397,636,822,1398],"class_list":{"0":"post-11306","1":"product","2":"type-product","3":"status-publish","4":"has-post-thumbnail","6":"product_brand-bgs-technic-germany","7":"product_cat-antgaliai-ipresuoti-i-galvute-1-2","8":"product_tag-1-2","9":"product_tag-5052-19","10":"product_tag-70mm","11":"product_tag-antgalis","12":"product_tag-antgalis-ipresuotas","13":"product_tag-h19","15":"first","16":"instock","17":"taxable","18":"shipping-taxable","19":"purchasable","20":"product-type-simple"},"_links":{"self":[{"href":"https:\/\/raktava.lt\/en\/wp-json\/wp\/v2\/product\/11306","targetHints":{"allow":["GET"]}}],"collection":[{"href":"https:\/\/raktava.lt\/en\/wp-json\/wp\/v2\/product"}],"about":[{"href":"https:\/\/raktava.lt\/en\/wp-json\/wp\/v2\/types\/product"}],"replies":[{"embeddable":true,"href":"https:\/\/raktava.lt\/en\/wp-json\/wp\/v2\/comments?post=11306"}],"version-history":[{"count":2,"href":"https:\/\/raktava.lt\/en\/wp-json\/wp\/v2\/product\/11306\/revisions"}],"predecessor-version":[{"id":17162,"href":"https:\/\/raktava.lt\/en\/wp-json\/wp\/v2\/product\/11306\/revisions\/17162"}],"wp:featuredmedia":[{"embeddable":true,"href":"https:\/\/raktava.lt\/en\/wp-json\/wp\/v2\/media\/11292"}],"wp:attachment":[{"href":"https:\/\/raktava.lt\/en\/wp-json\/wp\/v2\/media?parent=11306"}],"wp:term":[{"taxonomy":"product_brand","embeddable":true,"href":"https:\/\/raktava.lt\/en\/wp-json\/wp\/v2\/product_brand?post=11306"},{"taxonomy":"product_cat","embeddable":true,"href":"https:\/\/raktava.lt\/en\/wp-json\/wp\/v2\/product_cat?post=11306"},{"taxonomy":"product_tag","embeddable":true,"href":"https:\/\/raktava.lt\/en\/wp-json\/wp\/v2\/product_tag?post=11306"}],"curies":[{"name":"wp","href":"https:\/\/api.w.org\/{rel}","templated":true}]}}