{"id":11299,"date":"2024-05-14T11:22:33","date_gmt":"2024-05-14T08:22:33","guid":{"rendered":"https:\/\/raktava.lt\/?post_type=product&#038;p=11299"},"modified":"2025-12-15T10:28:05","modified_gmt":"2025-12-15T08:28:05","slug":"antgalis-ipresuotas-i-galvute-%c2%bd-70mm-h17-hex-sesiakampis","status":"publish","type":"product","link":"https:\/\/raktava.lt\/en\/product\/rankiniai-irankiai\/antgaliai-antgaliu-komplektai-ipresuoti-antgaliai\/antgaliai-ipresuoti-i-galvute-1-2\/antgalis-ipresuotas-i-galvute-%c2%bd-70mm-h17-hex-sesiakampis\/","title":{"rendered":"Antgalis \u012fpresuotas \u012f galvut\u0119 \u00bd 70mm H18 (hex 6-kampis)"},"content":{"rendered":"<p>Antgalis \u012fpresuota galvut\u0117 1\/2 H18 x 70mm\u00a0 <span style=\"color: white;\">(5052-16)<\/span><\/p>\n<p>Antgalio dydis: H18<\/p>\n<p>Ilgis 70 mm<\/p>\n<p>Vidinis kvadratas: 1\/2&#8243; (12,5mm)<\/p>\n<hr \/>\n<h6><span style=\"color: #ffffff;\">Antgalis \u012fpresuotas \u012f galvut\u0119 \u00bd 70mm H18<\/span><\/h6>\n","protected":false},"excerpt":{"rendered":"<p>\u012epresuota galvut\u0117 1\/2 H18 x 70mm<\/p>\n<p><span style=\"color: #ffffff;\">Antgalis \u012fpresuotas \u012f galvut\u0119 \u00bd 70mm H18<\/span><\/p>\n<p>&nbsp;<\/p>\n","protected":false},"featured_media":11292,"comment_status":"open","ping_status":"closed","template":"","meta":[],"product_brand":[571],"product_cat":[88],"product_tag":[591,1877,1397,636,1479,1876],"class_list":{"0":"post-11299","1":"product","2":"type-product","3":"status-publish","4":"has-post-thumbnail","6":"product_brand-bgs-technic-germany","7":"product_cat-antgaliai-ipresuoti-i-galvute-1-2","8":"product_tag-1-2","9":"product_tag-5052-18","10":"product_tag-70mm","11":"product_tag-antgalis","12":"product_tag-antgalis-ipresuotas-i-galvute","13":"product_tag-h18","15":"first","16":"instock","17":"taxable","18":"shipping-taxable","19":"purchasable","20":"product-type-simple"},"_links":{"self":[{"href":"https:\/\/raktava.lt\/en\/wp-json\/wp\/v2\/product\/11299","targetHints":{"allow":["GET"]}}],"collection":[{"href":"https:\/\/raktava.lt\/en\/wp-json\/wp\/v2\/product"}],"about":[{"href":"https:\/\/raktava.lt\/en\/wp-json\/wp\/v2\/types\/product"}],"replies":[{"embeddable":true,"href":"https:\/\/raktava.lt\/en\/wp-json\/wp\/v2\/comments?post=11299"}],"version-history":[{"count":6,"href":"https:\/\/raktava.lt\/en\/wp-json\/wp\/v2\/product\/11299\/revisions"}],"predecessor-version":[{"id":11761,"href":"https:\/\/raktava.lt\/en\/wp-json\/wp\/v2\/product\/11299\/revisions\/11761"}],"wp:featuredmedia":[{"embeddable":true,"href":"https:\/\/raktava.lt\/en\/wp-json\/wp\/v2\/media\/11292"}],"wp:attachment":[{"href":"https:\/\/raktava.lt\/en\/wp-json\/wp\/v2\/media?parent=11299"}],"wp:term":[{"taxonomy":"product_brand","embeddable":true,"href":"https:\/\/raktava.lt\/en\/wp-json\/wp\/v2\/product_brand?post=11299"},{"taxonomy":"product_cat","embeddable":true,"href":"https:\/\/raktava.lt\/en\/wp-json\/wp\/v2\/product_cat?post=11299"},{"taxonomy":"product_tag","embeddable":true,"href":"https:\/\/raktava.lt\/en\/wp-json\/wp\/v2\/product_tag?post=11299"}],"curies":[{"name":"wp","href":"https:\/\/api.w.org\/{rel}","templated":true}]}}