{"id":11291,"date":"2024-05-14T10:23:33","date_gmt":"2024-05-14T07:23:33","guid":{"rendered":"https:\/\/raktava.lt\/?post_type=product&#038;p=11291"},"modified":"2025-06-03T13:12:14","modified_gmt":"2025-06-03T10:12:14","slug":"antgalis-ipresuotas-i-galvute-%c2%bd-70mm-h17","status":"publish","type":"product","link":"https:\/\/raktava.lt\/en\/product\/rankiniai-irankiai\/antgaliai-antgaliu-komplektai-ipresuoti-antgaliai\/antgaliai-ipresuoti-i-galvute-1-2\/antgalis-ipresuotas-i-galvute-%c2%bd-70mm-h17\/","title":{"rendered":"Antgalis \u012fpresuotas \u012f galvut\u0119 \u00bd 70mm H17 (hex \u0161e\u0161iakampis)"},"content":{"rendered":"<p><span style=\"vertical-align: inherit;\"><span style=\"vertical-align: inherit;\">Antgalis \u012fpresuota galvut\u0117 1\/2 H17 x 70mm\u00a0 <\/span><\/span><span style=\"color: white;\"><span style=\"vertical-align: inherit;\"><span style=\"vertical-align: inherit;\">(5052-16)<\/span><\/span><\/span><\/p>\n<p><span style=\"vertical-align: inherit;\"><span style=\"vertical-align: inherit;\">Antgalio dydis: H17<\/span><\/span><\/p>\n<p><span style=\"vertical-align: inherit;\"><span style=\"vertical-align: inherit;\">Ilgis 70 mm<\/span><\/span><\/p>\n<p><span style=\"vertical-align: inherit;\"><span style=\"vertical-align: inherit;\">Vidinis kvadratas: 1\/2&#8243;<\/span><\/span><\/p>\n<h6><span style=\"color: #ffffff;\">Antgalis \u012fpresuotas \u012f galvut\u0119 \u00bd 70mm H17<\/span><\/h6>\n<hr \/>\n<h6><strong><em><span style=\"vertical-align: inherit;\"><span style=\"vertical-align: inherit;\">P <\/span><\/span><\/em><\/strong><strong><em><span style=\"vertical-align: inherit;\"><span style=\"vertical-align: inherit;\">reki\u0173 nuotraukos skirtos tik iliustraciniams tikslams ir yra pavyzdin\u0117s, tod\u0117l jose pateikiama informacija gali skirtis nuo pa\u010dios prek\u0117s. Originali\u0173 produkt\u0173 spalvos, u\u017era\u0161ai, parametrai, matmenys, dyd\u017eiai, funkcijos, ir (ar) bet kurios kitos savyb\u0117s d\u0117l savo vizualini\u0173 ypatybi\u0173 gali atrodyti kitaip negu realyb\u0117je, tod\u0117l pra\u0161ome vadovautis preki\u0173 charakteristikomis.<\/span><\/span><\/em><\/strong><\/h6>\n","protected":false},"excerpt":{"rendered":"<p><span style=\"vertical-align: inherit;\"><span style=\"vertical-align: inherit;\">\u012epresuota galvut\u0117 1\/2 H17 x 70mm<\/span><\/span><\/p>\n<p><span style=\"color: #ffffff;\">Antgalis \u012fpresuotas \u012f galvut\u0119 \u00bd 70mm H17<\/span><\/p>\n","protected":false},"featured_media":11292,"comment_status":"open","ping_status":"closed","template":"","meta":[],"product_brand":[571],"product_cat":[88],"product_tag":[636],"class_list":{"0":"post-11291","1":"product","2":"type-product","3":"status-publish","4":"has-post-thumbnail","6":"product_brand-bgs-technic-germany","7":"product_cat-antgaliai-ipresuoti-i-galvute-1-2","8":"product_tag-antgalis","10":"first","11":"instock","12":"taxable","13":"shipping-taxable","14":"purchasable","15":"product-type-simple"},"_links":{"self":[{"href":"https:\/\/raktava.lt\/en\/wp-json\/wp\/v2\/product\/11291","targetHints":{"allow":["GET"]}}],"collection":[{"href":"https:\/\/raktava.lt\/en\/wp-json\/wp\/v2\/product"}],"about":[{"href":"https:\/\/raktava.lt\/en\/wp-json\/wp\/v2\/types\/product"}],"replies":[{"embeddable":true,"href":"https:\/\/raktava.lt\/en\/wp-json\/wp\/v2\/comments?post=11291"}],"version-history":[{"count":7,"href":"https:\/\/raktava.lt\/en\/wp-json\/wp\/v2\/product\/11291\/revisions"}],"predecessor-version":[{"id":11763,"href":"https:\/\/raktava.lt\/en\/wp-json\/wp\/v2\/product\/11291\/revisions\/11763"}],"wp:featuredmedia":[{"embeddable":true,"href":"https:\/\/raktava.lt\/en\/wp-json\/wp\/v2\/media\/11292"}],"wp:attachment":[{"href":"https:\/\/raktava.lt\/en\/wp-json\/wp\/v2\/media?parent=11291"}],"wp:term":[{"taxonomy":"product_brand","embeddable":true,"href":"https:\/\/raktava.lt\/en\/wp-json\/wp\/v2\/product_brand?post=11291"},{"taxonomy":"product_cat","embeddable":true,"href":"https:\/\/raktava.lt\/en\/wp-json\/wp\/v2\/product_cat?post=11291"},{"taxonomy":"product_tag","embeddable":true,"href":"https:\/\/raktava.lt\/en\/wp-json\/wp\/v2\/product_tag?post=11291"}],"curies":[{"name":"wp","href":"https:\/\/api.w.org\/{rel}","templated":true}]}}