{"id":11260,"date":"2024-05-09T16:07:58","date_gmt":"2024-05-09T13:07:58","guid":{"rendered":"https:\/\/raktava.lt\/?post_type=product&#038;p=11260"},"modified":"2025-06-12T13:57:25","modified_gmt":"2025-06-12T10:57:25","slug":"antgalis-ipresuotas-i-galvute-1-2-125mm-ilgis-100mm-spline-m10","status":"publish","type":"product","link":"https:\/\/raktava.lt\/en\/product\/rankiniai-irankiai\/antgaliai-antgaliu-komplektai-ipresuoti-antgaliai\/antgaliai-ipresuoti-i-galvute-1-2\/antgalis-ipresuotas-i-galvute-1-2-125mm-ilgis-100mm-spline-m10\/","title":{"rendered":"Antgalis \u012fpresuotas \u012f galvut\u0119, 1\/2 SPLINE M10"},"content":{"rendered":"<p><span style=\"color: #ffffff;\">Antgalis \u012fpresuotas \u012f galvut\u0119, 1\/2&#8243; SPLINE M10<\/span><\/p>\n","protected":false},"excerpt":{"rendered":"<p>Antgalis \u012fpresuotas \u012f galvut\u0119, 1\/2 SPLINE M10<\/p>\n<p>Antgalio ilgis: 100mm<\/p>\n<p>Vidinis kvadratas: 1\/2&#8243; (12,5mm)<\/p>\n<p>Antgalis: M10<\/p>\n<p><span style=\"color: #ffffff;\">Antgalis \u012fpresuotas \u012f galvut\u0119, 1\/2&#8243; SPLINE M10<\/span><\/p>\n<p><span style=\"color: #ffffff;\">Antgalis \u012fpresuotas \u012f galvut\u0119<\/span><\/p>\n","protected":false},"featured_media":11262,"comment_status":"open","ping_status":"closed","template":"","meta":[],"product_brand":[571],"product_cat":[88],"product_tag":[663,636],"class_list":{"0":"post-11260","1":"product","2":"type-product","3":"status-publish","4":"has-post-thumbnail","6":"product_brand-bgs-technic-germany","7":"product_cat-antgaliai-ipresuoti-i-galvute-1-2","8":"product_tag-antgaliai","9":"product_tag-antgalis","11":"first","12":"instock","13":"taxable","14":"shipping-taxable","15":"purchasable","16":"product-type-simple"},"_links":{"self":[{"href":"https:\/\/raktava.lt\/en\/wp-json\/wp\/v2\/product\/11260","targetHints":{"allow":["GET"]}}],"collection":[{"href":"https:\/\/raktava.lt\/en\/wp-json\/wp\/v2\/product"}],"about":[{"href":"https:\/\/raktava.lt\/en\/wp-json\/wp\/v2\/types\/product"}],"replies":[{"embeddable":true,"href":"https:\/\/raktava.lt\/en\/wp-json\/wp\/v2\/comments?post=11260"}],"version-history":[{"count":6,"href":"https:\/\/raktava.lt\/en\/wp-json\/wp\/v2\/product\/11260\/revisions"}],"predecessor-version":[{"id":16692,"href":"https:\/\/raktava.lt\/en\/wp-json\/wp\/v2\/product\/11260\/revisions\/16692"}],"wp:featuredmedia":[{"embeddable":true,"href":"https:\/\/raktava.lt\/en\/wp-json\/wp\/v2\/media\/11262"}],"wp:attachment":[{"href":"https:\/\/raktava.lt\/en\/wp-json\/wp\/v2\/media?parent=11260"}],"wp:term":[{"taxonomy":"product_brand","embeddable":true,"href":"https:\/\/raktava.lt\/en\/wp-json\/wp\/v2\/product_brand?post=11260"},{"taxonomy":"product_cat","embeddable":true,"href":"https:\/\/raktava.lt\/en\/wp-json\/wp\/v2\/product_cat?post=11260"},{"taxonomy":"product_tag","embeddable":true,"href":"https:\/\/raktava.lt\/en\/wp-json\/wp\/v2\/product_tag?post=11260"}],"curies":[{"name":"wp","href":"https:\/\/api.w.org\/{rel}","templated":true}]}}