{"id":11249,"date":"2024-05-09T15:44:37","date_gmt":"2024-05-09T12:44:37","guid":{"rendered":"https:\/\/raktava.lt\/?post_type=product&#038;p=11249"},"modified":"2026-03-12T11:25:36","modified_gmt":"2026-03-12T09:25:36","slug":"antgalis-ipresuotas-i-galvute-1-4-63mm-hex-6-kampis-5mm","status":"publish","type":"product","link":"https:\/\/raktava.lt\/en\/product\/rankiniai-irankiai\/antgaliai-antgaliu-komplektai-ipresuoti-antgaliai\/antgaliai-ipresuoti-i-galvute-1-4\/antgalis-ipresuotas-i-galvute-1-4-63mm-hex-6-kampis-5mm\/","title":{"rendered":"Antgalis \u012fpresuotas \u012f galvut\u0119, 1\/4&#8243; (6,3mm), HEX 6-kampis 5mm"},"content":{"rendered":"<p>Product description<br \/>\nProfessional HEX hex key, socket size 1\/4 &#8220;, spindle size 5 mm. Chrome-plated socket made of CrV6150 steel, pin made of AISI S2 steel and covered with a nickel layer. An indispensable tool in a car or mechanical workshop.<br \/>\nParameters<br \/>\nDIN: 3120<br \/>\nDrive: 1\/4 &#8221;<br \/>\nSize [mm]: 5<br \/>\nMaterial: CrV6150<br \/>\nLength [mm]: 37<br \/>\nIncluded quantity: 1<\/p>\n<p><img decoding=\"async\" src=\"https:\/\/vigorus.lt\/catalog\/logo120627105013_yato.jpg\" alt=\"YATO\" \/><\/p>\n","protected":false},"excerpt":{"rendered":"<p>Antgalis \u012fpresuotas \u012f galvut\u0119, 1\/4 6-kampis 5mm<\/p>\n<p><span style=\"color: #ffffff;\">AntgaliAntgalis \u012fpresuotas \u012f galvut\u0119, 1\/4&#8243; (6,3mm), HEX 6-kampis 5mms \u012fpresuotas \u012f galvut\u0119, 1\/4&#8243; (6,3mm), HEX 6-kampis 5mm<\/span><\/p>\n","protected":false},"featured_media":11250,"comment_status":"open","ping_status":"closed","template":"","meta":[],"product_brand":[563],"product_cat":[92],"product_tag":[951,1049,636,822,736,945,757,642,165,1183],"class_list":{"0":"post-11249","1":"product","2":"type-product","3":"status-publish","4":"has-post-thumbnail","6":"product_brand-yato","7":"product_cat-antgaliai-ipresuoti-i-galvute-1-4","8":"product_tag-1-4","9":"product_tag-6-kampis","10":"product_tag-antgalis","11":"product_tag-antgalis-ipresuotas","12":"product_tag-bitukas","13":"product_tag-h5","14":"product_tag-hex","15":"product_tag-sesiakampis","16":"product_tag-yato","17":"product_tag-yt-04372","19":"first","20":"instock","21":"taxable","22":"shipping-taxable","23":"purchasable","24":"product-type-simple"},"_links":{"self":[{"href":"https:\/\/raktava.lt\/en\/wp-json\/wp\/v2\/product\/11249","targetHints":{"allow":["GET"]}}],"collection":[{"href":"https:\/\/raktava.lt\/en\/wp-json\/wp\/v2\/product"}],"about":[{"href":"https:\/\/raktava.lt\/en\/wp-json\/wp\/v2\/types\/product"}],"replies":[{"embeddable":true,"href":"https:\/\/raktava.lt\/en\/wp-json\/wp\/v2\/comments?post=11249"}],"version-history":[{"count":6,"href":"https:\/\/raktava.lt\/en\/wp-json\/wp\/v2\/product\/11249\/revisions"}],"predecessor-version":[{"id":18112,"href":"https:\/\/raktava.lt\/en\/wp-json\/wp\/v2\/product\/11249\/revisions\/18112"}],"wp:featuredmedia":[{"embeddable":true,"href":"https:\/\/raktava.lt\/en\/wp-json\/wp\/v2\/media\/11250"}],"wp:attachment":[{"href":"https:\/\/raktava.lt\/en\/wp-json\/wp\/v2\/media?parent=11249"}],"wp:term":[{"taxonomy":"product_brand","embeddable":true,"href":"https:\/\/raktava.lt\/en\/wp-json\/wp\/v2\/product_brand?post=11249"},{"taxonomy":"product_cat","embeddable":true,"href":"https:\/\/raktava.lt\/en\/wp-json\/wp\/v2\/product_cat?post=11249"},{"taxonomy":"product_tag","embeddable":true,"href":"https:\/\/raktava.lt\/en\/wp-json\/wp\/v2\/product_tag?post=11249"}],"curies":[{"name":"wp","href":"https:\/\/api.w.org\/{rel}","templated":true}]}}