{"id":11219,"date":"2024-05-06T12:42:20","date_gmt":"2024-05-06T09:42:20","guid":{"rendered":"https:\/\/raktava.lt\/?post_type=product&#038;p=11219"},"modified":"2026-03-17T12:30:10","modified_gmt":"2026-03-17T10:30:10","slug":"12-kampiu-galvuciu-rinkinys-1-2-10-21mm","status":"publish","type":"product","link":"https:\/\/raktava.lt\/en\/product\/rankiniai-irankiai\/galvutes-galvuciu-komplektai-laikikliai-galvutems\/1-2-galvutes-ir-ju-komplektai\/12-kampiu-galvuciu-rinkinys-1-2-10-21mm\/","title":{"rendered":"Galvu\u010di\u0173 rinkinys 12-k. 1\/2 10-21mm (11vnt.)"},"content":{"rendered":"<p><span style=\"vertical-align: inherit;\"><span style=\"vertical-align: inherit;\">Galvu\u010di\u0173 dyd\u017eiai: 10 &#8211; 11 &#8211; 12 &#8211; 13 &#8211; 14 &#8211; 15 &#8211; 16 &#8211; 17 &#8211; 18 &#8211; 19 &#8211; 21 mm<\/span><\/span><\/p>\n<p><span style=\"vertical-align: inherit;\"><span style=\"vertical-align: inherit;\">Vidinis kvadratas: 1\/2&#8243; (12,5 mm)<\/span><\/span><\/p>\n<p><span style=\"color: #ffffff;\"><span style=\"vertical-align: inherit;\"><span style=\"vertical-align: inherit;\">#galvut\u0117s #rankiniai\u012frankiai\u00a0<\/span><\/span><\/span><\/p>\n","protected":false},"excerpt":{"rendered":"<p>Galvu\u010di\u0173 rinkinys 12-k. 1\/2 10-21mm<\/p>\n<p>&nbsp;<\/p>\n","protected":false},"featured_media":11220,"comment_status":"open","ping_status":"closed","template":"","meta":[],"product_brand":[571],"product_cat":[50],"product_tag":[1314,971,1315,724],"class_list":{"0":"post-11219","1":"product","2":"type-product","3":"status-publish","4":"has-post-thumbnail","6":"product_brand-bgs-technic-germany","7":"product_cat-1-2-galvutes-ir-ju-komplektai","8":"product_tag-10-21mm","9":"product_tag-12-kampe","10":"product_tag-1315","11":"product_tag-galvuciu-komplektas","13":"first","14":"outofstock","15":"taxable","16":"shipping-taxable","17":"purchasable","18":"product-type-simple"},"_links":{"self":[{"href":"https:\/\/raktava.lt\/en\/wp-json\/wp\/v2\/product\/11219","targetHints":{"allow":["GET"]}}],"collection":[{"href":"https:\/\/raktava.lt\/en\/wp-json\/wp\/v2\/product"}],"about":[{"href":"https:\/\/raktava.lt\/en\/wp-json\/wp\/v2\/types\/product"}],"replies":[{"embeddable":true,"href":"https:\/\/raktava.lt\/en\/wp-json\/wp\/v2\/comments?post=11219"}],"version-history":[{"count":5,"href":"https:\/\/raktava.lt\/en\/wp-json\/wp\/v2\/product\/11219\/revisions"}],"predecessor-version":[{"id":11419,"href":"https:\/\/raktava.lt\/en\/wp-json\/wp\/v2\/product\/11219\/revisions\/11419"}],"wp:featuredmedia":[{"embeddable":true,"href":"https:\/\/raktava.lt\/en\/wp-json\/wp\/v2\/media\/11220"}],"wp:attachment":[{"href":"https:\/\/raktava.lt\/en\/wp-json\/wp\/v2\/media?parent=11219"}],"wp:term":[{"taxonomy":"product_brand","embeddable":true,"href":"https:\/\/raktava.lt\/en\/wp-json\/wp\/v2\/product_brand?post=11219"},{"taxonomy":"product_cat","embeddable":true,"href":"https:\/\/raktava.lt\/en\/wp-json\/wp\/v2\/product_cat?post=11219"},{"taxonomy":"product_tag","embeddable":true,"href":"https:\/\/raktava.lt\/en\/wp-json\/wp\/v2\/product_tag?post=11219"}],"curies":[{"name":"wp","href":"https:\/\/api.w.org\/{rel}","templated":true}]}}