{"id":11211,"date":"2024-05-06T12:27:42","date_gmt":"2024-05-06T09:27:42","guid":{"rendered":"https:\/\/raktava.lt\/?post_type=product&#038;p=11211"},"modified":"2025-01-27T10:02:37","modified_gmt":"2025-01-27T08:02:37","slug":"galvute-12-kampe-1-2-125mm-18mm","status":"publish","type":"product","link":"https:\/\/raktava.lt\/en\/product\/rankiniai-irankiai\/galvutes-galvuciu-komplektai-laikikliai-galvutems\/1-2-galvutes-ir-ju-komplektai\/galvute-12-kampe-1-2-125mm-18mm\/","title":{"rendered":"Galvut\u0117 12-kamp\u0117 1\/2 18mm"},"content":{"rendered":"<p><span style=\"vertical-align: inherit;\"><span style=\"vertical-align: inherit;\">Galvut\u0117s dydis: 18mm<\/span><\/span><\/p>\n<p><span style=\"vertical-align: inherit;\"><span style=\"vertical-align: inherit;\">Vidinis kvadratas: 1\/2 (12,5mm)<\/span><\/span><\/p>\n<p><span style=\"color: #ffffff;\"><span style=\"vertical-align: inherit;\"><span style=\"vertical-align: inherit;\">#galvut\u0117 #18mm #rankiniai\u012frankiai #12-kamp\u0117<\/span><\/span><\/span><\/p>\n","protected":false},"excerpt":{"rendered":"<p>Galvut\u0117 12-kamp\u0117 1\/2 18mm<\/p>\n","protected":false},"featured_media":11212,"comment_status":"open","ping_status":"closed","template":"","meta":[],"product_brand":[],"product_cat":[50],"product_tag":[150],"class_list":{"0":"post-11211","1":"product","2":"type-product","3":"status-publish","4":"has-post-thumbnail","6":"product_cat-1-2-galvutes-ir-ju-komplektai","7":"product_tag-bgs-vokietija","9":"first","10":"instock","11":"taxable","12":"shipping-taxable","13":"purchasable","14":"product-type-simple"},"_links":{"self":[{"href":"https:\/\/raktava.lt\/en\/wp-json\/wp\/v2\/product\/11211","targetHints":{"allow":["GET"]}}],"collection":[{"href":"https:\/\/raktava.lt\/en\/wp-json\/wp\/v2\/product"}],"about":[{"href":"https:\/\/raktava.lt\/en\/wp-json\/wp\/v2\/types\/product"}],"replies":[{"embeddable":true,"href":"https:\/\/raktava.lt\/en\/wp-json\/wp\/v2\/comments?post=11211"}],"version-history":[{"count":4,"href":"https:\/\/raktava.lt\/en\/wp-json\/wp\/v2\/product\/11211\/revisions"}],"predecessor-version":[{"id":16019,"href":"https:\/\/raktava.lt\/en\/wp-json\/wp\/v2\/product\/11211\/revisions\/16019"}],"wp:featuredmedia":[{"embeddable":true,"href":"https:\/\/raktava.lt\/en\/wp-json\/wp\/v2\/media\/11212"}],"wp:attachment":[{"href":"https:\/\/raktava.lt\/en\/wp-json\/wp\/v2\/media?parent=11211"}],"wp:term":[{"taxonomy":"product_brand","embeddable":true,"href":"https:\/\/raktava.lt\/en\/wp-json\/wp\/v2\/product_brand?post=11211"},{"taxonomy":"product_cat","embeddable":true,"href":"https:\/\/raktava.lt\/en\/wp-json\/wp\/v2\/product_cat?post=11211"},{"taxonomy":"product_tag","embeddable":true,"href":"https:\/\/raktava.lt\/en\/wp-json\/wp\/v2\/product_tag?post=11211"}],"curies":[{"name":"wp","href":"https:\/\/api.w.org\/{rel}","templated":true}]}}