{"id":11097,"date":"2024-04-22T10:21:00","date_gmt":"2024-04-22T07:21:00","guid":{"rendered":"https:\/\/raktava.lt\/?post_type=product&#038;p=11097"},"modified":"2024-09-23T15:58:17","modified_gmt":"2024-09-23T12:58:17","slug":"pentagon-galvuciu-rinkinys-stabdziu-remontui-4-vnt-magnetines","status":"publish","type":"product","link":"https:\/\/raktava.lt\/en\/product\/automobiliu-remonto-irankiai\/specializuotos-galvutes\/pentagon-galvuciu-rinkinys-stabdziu-remontui-4-vnt-magnetines\/","title":{"rendered":"Pentagon galvu\u010di\u0173 rinkinys stabd\u017ei\u0173 remontui 4 vnt. (magnetin\u0117s)"},"content":{"rendered":"","protected":false},"excerpt":{"rendered":"<pre id=\"tw-target-text\" class=\"tw-data-text tw-text-large tw-ta\" dir=\"ltr\" data-placeholder=\"Vertimas\" aria-label=\"I\u0161verstas tekstas\" data-ved=\"2ahUKEwjkw8OOpNWFAxXk_7sIHRzCBqsQ3ewLegQIBhAU\"><span class=\"Y2IQFc\" lang=\"lt\">Pentagon galvu\u010di\u0173 rinkinys stabd\u017ei\u0173 remontui 4 vnt. (magnetin\u0117s)\r\nGalvut\u0117s:\r\n\u0161e\u0161iakampis 8 mm\r\n\u0161e\u0161iakampis 10 mm\r\nKvadratinis 8 mm\r\n11 kamp\u0173 <\/span><\/pre>\n","protected":false},"featured_media":11613,"comment_status":"open","ping_status":"closed","template":"","meta":[],"product_brand":[],"product_cat":[74,64],"product_tag":[150],"class_list":{"0":"post-11097","1":"product","2":"type-product","3":"status-publish","4":"has-post-thumbnail","6":"product_cat-specializuotos-galvutes","7":"product_cat-stabdziu-remonto-irankiai","8":"product_tag-bgs-vokietija","10":"first","11":"instock","12":"taxable","13":"shipping-taxable","14":"purchasable","15":"product-type-simple"},"_links":{"self":[{"href":"https:\/\/raktava.lt\/en\/wp-json\/wp\/v2\/product\/11097","targetHints":{"allow":["GET"]}}],"collection":[{"href":"https:\/\/raktava.lt\/en\/wp-json\/wp\/v2\/product"}],"about":[{"href":"https:\/\/raktava.lt\/en\/wp-json\/wp\/v2\/types\/product"}],"replies":[{"embeddable":true,"href":"https:\/\/raktava.lt\/en\/wp-json\/wp\/v2\/comments?post=11097"}],"version-history":[{"count":4,"href":"https:\/\/raktava.lt\/en\/wp-json\/wp\/v2\/product\/11097\/revisions"}],"predecessor-version":[{"id":13468,"href":"https:\/\/raktava.lt\/en\/wp-json\/wp\/v2\/product\/11097\/revisions\/13468"}],"wp:featuredmedia":[{"embeddable":true,"href":"https:\/\/raktava.lt\/en\/wp-json\/wp\/v2\/media\/11613"}],"wp:attachment":[{"href":"https:\/\/raktava.lt\/en\/wp-json\/wp\/v2\/media?parent=11097"}],"wp:term":[{"taxonomy":"product_brand","embeddable":true,"href":"https:\/\/raktava.lt\/en\/wp-json\/wp\/v2\/product_brand?post=11097"},{"taxonomy":"product_cat","embeddable":true,"href":"https:\/\/raktava.lt\/en\/wp-json\/wp\/v2\/product_cat?post=11097"},{"taxonomy":"product_tag","embeddable":true,"href":"https:\/\/raktava.lt\/en\/wp-json\/wp\/v2\/product_tag?post=11097"}],"curies":[{"name":"wp","href":"https:\/\/api.w.org\/{rel}","templated":true}]}}