{"id":10338,"date":"2024-02-13T13:10:28","date_gmt":"2024-02-13T13:10:28","guid":{"rendered":"https:\/\/raktava.lt\/shop\/uncategorized\/clamp-set-10pcs-10-27mm\/"},"modified":"2024-02-13T13:10:28","modified_gmt":"2024-02-13T13:10:28","slug":"clamp-set-10pcs-10-27mm","status":"publish","type":"product","link":"https:\/\/raktava.lt\/en\/product\/automative-service-tools\/gaskets-clamps-studs-pins-and-other-kits\/clamp-set-10pcs-10-27mm\/","title":{"rendered":"Clamp set 10pcs. (10-27mm)"},"content":{"rendered":"<p>2 pcs. \u00d810 &#8211; 16 mm2 pcs. \u00d812 &#8211; 19 mm2 pcs. \u00d813 &#8211; 23 mm2 pcs. \u00d816 &#8211; 25 mm2 pcs. \u00d814 &#8211; 27 mm<\/p>\n","protected":false},"excerpt":{"rendered":"<p>2 pcs. \u00d810 &#8211; 16 mm2 pcs. \u00d812 &#8211; 19 mm2 pcs. \u00d813 &#8211; 23 mm2 pcs. \u00d816 &#8211; 25 mm2 pcs. \u00d814 &#8211; 27 mm<\/p>\n","protected":false},"featured_media":6476,"comment_status":"closed","ping_status":"open","template":"","meta":[],"product_brand":[],"product_cat":[298,319],"product_tag":[501],"class_list":{"0":"post-10338","1":"product","2":"type-product","3":"status-publish","4":"has-post-thumbnail","6":"product_cat-automative-service-tools","7":"product_cat-gaskets-clamps-studs-pins-and-other-kits","8":"product_tag-china","10":"first","11":"instock","12":"taxable","13":"shipping-taxable","14":"purchasable","15":"product-type-simple"},"_links":{"self":[{"href":"https:\/\/raktava.lt\/en\/wp-json\/wp\/v2\/product\/10338","targetHints":{"allow":["GET"]}}],"collection":[{"href":"https:\/\/raktava.lt\/en\/wp-json\/wp\/v2\/product"}],"about":[{"href":"https:\/\/raktava.lt\/en\/wp-json\/wp\/v2\/types\/product"}],"replies":[{"embeddable":true,"href":"https:\/\/raktava.lt\/en\/wp-json\/wp\/v2\/comments?post=10338"}],"version-history":[{"count":0,"href":"https:\/\/raktava.lt\/en\/wp-json\/wp\/v2\/product\/10338\/revisions"}],"wp:featuredmedia":[{"embeddable":true,"href":"https:\/\/raktava.lt\/en\/wp-json\/wp\/v2\/media\/6476"}],"wp:attachment":[{"href":"https:\/\/raktava.lt\/en\/wp-json\/wp\/v2\/media?parent=10338"}],"wp:term":[{"taxonomy":"product_brand","embeddable":true,"href":"https:\/\/raktava.lt\/en\/wp-json\/wp\/v2\/product_brand?post=10338"},{"taxonomy":"product_cat","embeddable":true,"href":"https:\/\/raktava.lt\/en\/wp-json\/wp\/v2\/product_cat?post=10338"},{"taxonomy":"product_tag","embeddable":true,"href":"https:\/\/raktava.lt\/en\/wp-json\/wp\/v2\/product_tag?post=10338"}],"curies":[{"name":"wp","href":"https:\/\/api.w.org\/{rel}","templated":true}]}}